{"id":158,"date":"2025-04-18T07:46:31","date_gmt":"2025-04-18T07:46:31","guid":{"rendered":"https:\/\/site.ouioweb.com\/?page_id=158"},"modified":"2025-05-02T12:14:25","modified_gmt":"2025-05-02T12:14:25","slug":"la-piscine","status":"publish","type":"page","link":"https:\/\/domainelafontaine.fr\/en\/la-piscine\/","title":{"rendered":"The Pool"},"content":{"rendered":"<div data-elementor-type=\"wp-page\" data-elementor-id=\"158\" class=\"elementor elementor-158\" data-elementor-post-type=\"page\">\n\t\t\t\t<div class=\"elementor-element elementor-element-2b72393 e-con-full e-flex e-con e-parent\" data-id=\"2b72393\" data-element_type=\"container\" data-settings=\"{&quot;background_background&quot;:&quot;video&quot;,&quot;background_video_link&quot;:&quot;https:\\\/\\\/youtu.be\\\/OE4ymIL5AT0&quot;,&quot;background_video_start&quot;:17,&quot;background_video_end&quot;:20,&quot;background_play_on_mobile&quot;:&quot;yes&quot;,&quot;background_privacy_mode&quot;:&quot;yes&quot;}\">\n\t\t<div class=\"elementor-background-video-container\" aria-hidden=\"true\">\n\t\t\t\t\t\t\t<div class=\"elementor-background-video-embed\"><\/div>\n\t\t\t\t\t\t<\/div>\t\t<div class=\"elementor-element elementor-element-faad51a elementor-widget elementor-widget-spacer\" data-id=\"faad51a\" data-element_type=\"widget\" data-widget_type=\"spacer.default\">\n\t\t\t\t<div class=\"elementor-widget-container\">\n\t\t\t\t\t\t\t<div class=\"elementor-spacer\">\n\t\t\t<div class=\"elementor-spacer-inner\"><\/div>\n\t\t<\/div>\n\t\t\t\t\t\t<\/div>\n\t\t\t\t<\/div>\n\t\t\t\t<div class=\"elementor-element elementor-element-7a6a65d elementor-widget elementor-widget-heading\" data-id=\"7a6a65d\" data-element_type=\"widget\" data-widget_type=\"heading.default\">\n\t\t\t\t<div class=\"elementor-widget-container\">\n\t\t\t\t\t<h1 class=\"elementor-heading-title elementor-size-default\">The Pool<\/h1>\t\t\t\t<\/div>\n\t\t\t\t<\/div>\n\t\t\t\t<div class=\"elementor-element elementor-element-afe9fd6 elementor-widget elementor-widget-image\" data-id=\"afe9fd6\" data-element_type=\"widget\" data-widget_type=\"image.default\">\n\t\t\t\t<div class=\"elementor-widget-container\">\n\t\t\t\t\t\t\t\t\t\t\t\t\t\t\t<img decoding=\"async\" width=\"301\" height=\"154\" src=\"https:\/\/domainelafontaine.fr\/wp-content\/uploads\/2025\/04\/Domaine-la-fontaine-Brochure-de-presentation-DEFINITIVE-18-02-25_compressed-1.pdf-2-e1746004121836.png\" class=\"attachment-full size-full wp-image-78\" alt=\"\" \/>\t\t\t\t\t\t\t\t\t\t\t\t\t\t\t<\/div>\n\t\t\t\t<\/div>\n\t\t\t\t<\/div>\n\t\t<div class=\"elementor-element elementor-element-9cb6b75 e-flex e-con-boxed e-con e-parent\" data-id=\"9cb6b75\" data-element_type=\"container\" data-settings=\"{&quot;background_background&quot;:&quot;classic&quot;}\">\n\t\t\t\t\t<div class=\"e-con-inner\">\n\t\t<div class=\"elementor-element elementor-element-ada0f81 e-con-full e-flex e-con e-child\" data-id=\"ada0f81\" data-element_type=\"container\">\n\t\t\t\t<div class=\"elementor-element elementor-element-57e0315 elementor-widget elementor-widget-heading\" data-id=\"57e0315\" data-element_type=\"widget\" data-widget_type=\"heading.default\">\n\t\t\t\t<div class=\"elementor-widget-container\">\n\t\t\t\t\t<p class=\"elementor-heading-title elementor-size-default\">A haven of freshness<\/p>\t\t\t\t<\/div>\n\t\t\t\t<\/div>\n\t\t\t\t<div class=\"elementor-element elementor-element-c58aba2 elementor-widget elementor-widget-heading\" data-id=\"c58aba2\" data-element_type=\"widget\" data-widget_type=\"heading.default\">\n\t\t\t\t<div class=\"elementor-widget-container\">\n\t\t\t\t\t<p class=\"elementor-heading-title elementor-size-default\">Offer your guests a relaxing break in our 15-meter pool, surrounded by Proven\u00e7al stone, deckchairs, and a centuries-old olive tree. The willows also provide shade and help keep the atmosphere cool. <br>The pool is ideal for cooling off after a ceremony, or simply for enjoying a peaceful moment under the Proven\u00e7al sun.\n\n<\/p>\t\t\t\t<\/div>\n\t\t\t\t<\/div>\n\t\t\t\t<div class=\"elementor-element elementor-element-091bff2 elementor-align-right elementor-widget elementor-widget-button\" data-id=\"091bff2\" data-element_type=\"widget\" data-widget_type=\"button.default\">\n\t\t\t\t<div class=\"elementor-widget-container\">\n\t\t\t\t\t\t\t\t\t<div class=\"elementor-button-wrapper\">\n\t\t\t\t\t<a class=\"elementor-button elementor-button-link elementor-size-sm\" href=\"https:\/\/domainelafontaine.fr\/en\/contactez-nous\/\">\n\t\t\t\t\t\t<span class=\"elementor-button-content-wrapper\">\n\t\t\t\t\t\t\t\t\t<span class=\"elementor-button-text\">I am requesting information for my wedding<\/span>\n\t\t\t\t\t<\/span>\n\t\t\t\t\t<\/a>\n\t\t\t\t<\/div>\n\t\t\t\t\t\t\t\t<\/div>\n\t\t\t\t<\/div>\n\t\t\t\t<\/div>\n\t\t<div class=\"elementor-element elementor-element-c22a15e e-con-full e-flex e-con e-child\" data-id=\"c22a15e\" data-element_type=\"container\">\n\t\t\t\t<div class=\"elementor-element elementor-element-47ace2c elementor-widget elementor-widget-image\" data-id=\"47ace2c\" data-element_type=\"widget\" data-widget_type=\"image.default\">\n\t\t\t\t<div class=\"elementor-widget-container\">\n\t\t\t\t\t\t\t\t\t\t\t\t\t\t\t\t<a href=\"https:\/\/domainelafontaine.fr\/wp-content\/uploads\/2025\/04\/VIVEZ-DRONE-19-scaled.jpg\" data-elementor-open-lightbox=\"yes\" data-elementor-lightbox-title=\"VIVEZ DRONE-19\" data-e-action-hash=\"#elementor-action%3Aaction%3Dlightbox%26settings%3DeyJpZCI6MTY0LCJ1cmwiOiJodHRwczpcL1wvZG9tYWluZWxhZm9udGFpbmUuZnJcL3dwLWNvbnRlbnRcL3VwbG9hZHNcLzIwMjVcLzA0XC9WSVZFWi1EUk9ORS0xOS1zY2FsZWQuanBnIn0%3D\">\n\t\t\t\t\t\t\t<img fetchpriority=\"high\" decoding=\"async\" width=\"1024\" height=\"683\" src=\"https:\/\/domainelafontaine.fr\/wp-content\/uploads\/2025\/04\/VIVEZ-DRONE-19-1024x683.jpg\" class=\"attachment-large size-large wp-image-164\" alt=\"\" srcset=\"https:\/\/domainelafontaine.fr\/wp-content\/uploads\/2025\/04\/VIVEZ-DRONE-19-1024x683.jpg 1024w, https:\/\/domainelafontaine.fr\/wp-content\/uploads\/2025\/04\/VIVEZ-DRONE-19-300x200.jpg 300w, https:\/\/domainelafontaine.fr\/wp-content\/uploads\/2025\/04\/VIVEZ-DRONE-19-768x512.jpg 768w, https:\/\/domainelafontaine.fr\/wp-content\/uploads\/2025\/04\/VIVEZ-DRONE-19-1536x1024.jpg 1536w, https:\/\/domainelafontaine.fr\/wp-content\/uploads\/2025\/04\/VIVEZ-DRONE-19-2048x1365.jpg 2048w\" sizes=\"(max-width: 1024px) 100vw, 1024px\" \/>\t\t\t\t\t\t\t\t<\/a>\n\t\t\t\t\t\t\t\t\t\t\t\t\t\t\t<\/div>\n\t\t\t\t<\/div>\n\t\t\t\t<\/div>\n\t\t\t\t\t<\/div>\n\t\t\t\t<\/div>\n\t\t<div class=\"elementor-element elementor-element-3e0ddf7 e-flex e-con-boxed e-con e-parent\" data-id=\"3e0ddf7\" data-element_type=\"container\" data-settings=\"{&quot;background_background&quot;:&quot;classic&quot;}\">\n\t\t\t\t\t<div class=\"e-con-inner\">\n\t\t<div class=\"elementor-element elementor-element-b0cfed3 e-con-full e-flex e-con e-child\" data-id=\"b0cfed3\" data-element_type=\"container\">\n\t\t\t\t<div class=\"elementor-element elementor-element-c651029 elementor-widget elementor-widget-image\" data-id=\"c651029\" data-element_type=\"widget\" data-widget_type=\"image.default\">\n\t\t\t\t<div class=\"elementor-widget-container\">\n\t\t\t\t\t\t\t\t\t\t\t\t\t\t\t\t<a href=\"https:\/\/domainelafontaine.fr\/wp-content\/uploads\/2025\/04\/VIVEZ-DRONE-20-scaled.jpg\" data-elementor-open-lightbox=\"yes\" data-elementor-lightbox-title=\"VIVEZ DRONE-20\" data-e-action-hash=\"#elementor-action%3Aaction%3Dlightbox%26settings%3DeyJpZCI6MTY1LCJ1cmwiOiJodHRwczpcL1wvZG9tYWluZWxhZm9udGFpbmUuZnJcL3dwLWNvbnRlbnRcL3VwbG9hZHNcLzIwMjVcLzA0XC9WSVZFWi1EUk9ORS0yMC1zY2FsZWQuanBnIn0%3D\">\n\t\t\t\t\t\t\t<img decoding=\"async\" width=\"1024\" height=\"683\" src=\"https:\/\/domainelafontaine.fr\/wp-content\/uploads\/2025\/04\/VIVEZ-DRONE-20-1024x683.jpg\" class=\"attachment-large size-large wp-image-165\" alt=\"\" srcset=\"https:\/\/domainelafontaine.fr\/wp-content\/uploads\/2025\/04\/VIVEZ-DRONE-20-1024x683.jpg 1024w, https:\/\/domainelafontaine.fr\/wp-content\/uploads\/2025\/04\/VIVEZ-DRONE-20-300x200.jpg 300w, https:\/\/domainelafontaine.fr\/wp-content\/uploads\/2025\/04\/VIVEZ-DRONE-20-768x512.jpg 768w, https:\/\/domainelafontaine.fr\/wp-content\/uploads\/2025\/04\/VIVEZ-DRONE-20-1536x1024.jpg 1536w, https:\/\/domainelafontaine.fr\/wp-content\/uploads\/2025\/04\/VIVEZ-DRONE-20-2048x1365.jpg 2048w\" sizes=\"(max-width: 1024px) 100vw, 1024px\" \/>\t\t\t\t\t\t\t\t<\/a>\n\t\t\t\t\t\t\t\t\t\t\t\t\t\t\t<\/div>\n\t\t\t\t<\/div>\n\t\t\t\t<\/div>\n\t\t<div class=\"elementor-element elementor-element-b472e58 e-con-full e-flex e-con e-child\" data-id=\"b472e58\" data-element_type=\"container\">\n\t\t\t\t<div class=\"elementor-element elementor-element-5e1e8e5 elementor-widget elementor-widget-heading\" data-id=\"5e1e8e5\" data-element_type=\"widget\" data-widget_type=\"heading.default\">\n\t\t\t\t<div class=\"elementor-widget-container\">\n\t\t\t\t\t<p class=\"elementor-heading-title elementor-size-default\">Une piscine au charme m\u00e9diterran\u00e9en<\/p>\t\t\t\t<\/div>\n\t\t\t\t<\/div>\n\t\t\t\t<div class=\"elementor-element elementor-element-65f4111 elementor-widget elementor-widget-heading\" data-id=\"65f4111\" data-element_type=\"widget\" data-widget_type=\"heading.default\">\n\t\t\t\t<div class=\"elementor-widget-container\">\n\t\t\t\t\t<p class=\"elementor-heading-title elementor-size-default\">The pool blends harmoniously with the estate\u2019s aesthetic, with its natural setting, warm tones, and south-facing orientation. It is the perfect spot for unforgettable wedding photos or a chic aperitif by the water.\n\n<\/p>\t\t\t\t<\/div>\n\t\t\t\t<\/div>\n\t\t\t\t<\/div>\n\t\t\t\t\t<\/div>\n\t\t\t\t<\/div>\n\t\t<div class=\"elementor-element elementor-element-ca126d2 e-flex e-con-boxed e-con e-parent\" data-id=\"ca126d2\" data-element_type=\"container\" data-settings=\"{&quot;background_background&quot;:&quot;classic&quot;}\">\n\t\t\t\t\t<div class=\"e-con-inner\">\n\t\t<div class=\"elementor-element elementor-element-c5d7096 e-con-full e-flex e-con e-child\" data-id=\"c5d7096\" data-element_type=\"container\">\n\t\t\t\t<div class=\"elementor-element elementor-element-7041eaf elementor-widget elementor-widget-heading\" data-id=\"7041eaf\" data-element_type=\"widget\" data-widget_type=\"heading.default\">\n\t\t\t\t<div class=\"elementor-widget-container\">\n\t\t\t\t\t<p class=\"elementor-heading-title elementor-size-default\">A place of conviviality<\/p>\t\t\t\t<\/div>\n\t\t\t\t<\/div>\n\t\t\t\t<div class=\"elementor-element elementor-element-1b9d2c9 elementor-widget elementor-widget-heading\" data-id=\"1b9d2c9\" data-element_type=\"widget\" data-widget_type=\"heading.default\">\n\t\t\t\t<div class=\"elementor-widget-container\">\n\t\t\t\t\t<p class=\"elementor-heading-title elementor-size-default\">The poolside becomes a true living space: outdoor brunch, quiet moments with friends, or a sunset cocktail. Your guests will enjoy this little corner of paradise where comfort, elegance, and nature come together.<\/p>\t\t\t\t<\/div>\n\t\t\t\t<\/div>\n\t\t\t\t<div class=\"elementor-element elementor-element-d0ee258 elementor-align-right elementor-widget elementor-widget-button\" data-id=\"d0ee258\" data-element_type=\"widget\" data-widget_type=\"button.default\">\n\t\t\t\t<div class=\"elementor-widget-container\">\n\t\t\t\t\t\t\t\t\t<div class=\"elementor-button-wrapper\">\n\t\t\t\t\t<a class=\"elementor-button elementor-button-link elementor-size-sm\" href=\"https:\/\/domainelafontaine.fr\/en\/contactez-nous\/\">\n\t\t\t\t\t\t<span class=\"elementor-button-content-wrapper\">\n\t\t\t\t\t\t\t\t\t<span class=\"elementor-button-text\">I say yes to the wedding of my dreams!<\/span>\n\t\t\t\t\t<\/span>\n\t\t\t\t\t<\/a>\n\t\t\t\t<\/div>\n\t\t\t\t\t\t\t\t<\/div>\n\t\t\t\t<\/div>\n\t\t\t\t<\/div>\n\t\t<div class=\"elementor-element elementor-element-89a5691 e-con-full e-flex e-con e-child\" data-id=\"89a5691\" data-element_type=\"container\">\n\t\t\t\t<div class=\"elementor-element elementor-element-8a3234a elementor-widget elementor-widget-image\" data-id=\"8a3234a\" data-element_type=\"widget\" data-widget_type=\"image.default\">\n\t\t\t\t<div class=\"elementor-widget-container\">\n\t\t\t\t\t\t\t\t\t\t\t\t\t\t\t\t<a href=\"https:\/\/domainelafontaine.fr\/wp-content\/uploads\/2025\/04\/DJI_0280-scaled.jpg\" data-elementor-open-lightbox=\"yes\" data-elementor-lightbox-title=\"default\" data-e-action-hash=\"#elementor-action%3Aaction%3Dlightbox%26settings%3DeyJpZCI6MTY2LCJ1cmwiOiJodHRwczpcL1wvZG9tYWluZWxhZm9udGFpbmUuZnJcL3dwLWNvbnRlbnRcL3VwbG9hZHNcLzIwMjVcLzA0XC9ESklfMDI4MC1zY2FsZWQuanBnIn0%3D\">\n\t\t\t\t\t\t\t<img loading=\"lazy\" decoding=\"async\" width=\"1024\" height=\"767\" src=\"https:\/\/domainelafontaine.fr\/wp-content\/uploads\/2025\/04\/DJI_0280-1024x767.jpg\" class=\"attachment-large size-large wp-image-166\" alt=\"\" srcset=\"https:\/\/domainelafontaine.fr\/wp-content\/uploads\/2025\/04\/DJI_0280-1024x767.jpg 1024w, https:\/\/domainelafontaine.fr\/wp-content\/uploads\/2025\/04\/DJI_0280-300x225.jpg 300w, https:\/\/domainelafontaine.fr\/wp-content\/uploads\/2025\/04\/DJI_0280-768x575.jpg 768w, https:\/\/domainelafontaine.fr\/wp-content\/uploads\/2025\/04\/DJI_0280-1536x1151.jpg 1536w, https:\/\/domainelafontaine.fr\/wp-content\/uploads\/2025\/04\/DJI_0280-2048x1534.jpg 2048w\" sizes=\"(max-width: 1024px) 100vw, 1024px\" \/>\t\t\t\t\t\t\t\t<\/a>\n\t\t\t\t\t\t\t\t\t\t\t\t\t\t\t<\/div>\n\t\t\t\t<\/div>\n\t\t\t\t<\/div>\n\t\t\t\t\t<\/div>\n\t\t\t\t<\/div>\n\t\t\t\t<\/div>","protected":false},"excerpt":{"rendered":"<p>La piscine Un \u00e9crin de fra\u00eecheur Offrez \u00e0 vos invit\u00e9s une parenth\u00e8se de d\u00e9tente dans notre piscine de 15 m\u00e8tres, entour\u00e9e de pierres de Provence, de transats et d\u2019olivier centenaire. Les saules sont aussi l\u00e0 pour vous prot\u00e9ger du soleil et garder une ambiance fraiche. La piscine est id\u00e9ale pour se rafra\u00eechir apr\u00e8s une c\u00e9r\u00e9monie, [&hellip;]<\/p>","protected":false},"author":1,"featured_media":0,"parent":0,"menu_order":0,"comment_status":"closed","ping_status":"closed","template":"elementor_header_footer","meta":{"_acf_changed":false,"ocean_post_layout":"","ocean_both_sidebars_style":"","ocean_both_sidebars_content_width":0,"ocean_both_sidebars_sidebars_width":0,"ocean_sidebar":"","ocean_second_sidebar":"","ocean_disable_margins":"enable","ocean_add_body_class":"","ocean_shortcode_before_top_bar":"","ocean_shortcode_after_top_bar":"","ocean_shortcode_before_header":"","ocean_shortcode_after_header":"","ocean_has_shortcode":"","ocean_shortcode_after_title":"","ocean_shortcode_before_footer_widgets":"","ocean_shortcode_after_footer_widgets":"","ocean_shortcode_before_footer_bottom":"","ocean_shortcode_after_footer_bottom":"","ocean_display_top_bar":"default","ocean_display_header":"default","ocean_header_style":"","ocean_center_header_left_menu":"","ocean_custom_header_template":"","ocean_custom_logo":0,"ocean_custom_retina_logo":0,"ocean_custom_logo_max_width":0,"ocean_custom_logo_tablet_max_width":0,"ocean_custom_logo_mobile_max_width":0,"ocean_custom_logo_max_height":0,"ocean_custom_logo_tablet_max_height":0,"ocean_custom_logo_mobile_max_height":0,"ocean_header_custom_menu":"","ocean_menu_typo_font_family":"","ocean_menu_typo_font_subset":"","ocean_menu_typo_font_size":0,"ocean_menu_typo_font_size_tablet":0,"ocean_menu_typo_font_size_mobile":0,"ocean_menu_typo_font_size_unit":"px","ocean_menu_typo_font_weight":"","ocean_menu_typo_font_weight_tablet":"","ocean_menu_typo_font_weight_mobile":"","ocean_menu_typo_transform":"","ocean_menu_typo_transform_tablet":"","ocean_menu_typo_transform_mobile":"","ocean_menu_typo_line_height":0,"ocean_menu_typo_line_height_tablet":0,"ocean_menu_typo_line_height_mobile":0,"ocean_menu_typo_line_height_unit":"","ocean_menu_typo_spacing":0,"ocean_menu_typo_spacing_tablet":0,"ocean_menu_typo_spacing_mobile":0,"ocean_menu_typo_spacing_unit":"","ocean_menu_link_color":"","ocean_menu_link_color_hover":"","ocean_menu_link_color_active":"","ocean_menu_link_background":"","ocean_menu_link_hover_background":"","ocean_menu_link_active_background":"","ocean_menu_social_links_bg":"","ocean_menu_social_hover_links_bg":"","ocean_menu_social_links_color":"","ocean_menu_social_hover_links_color":"","ocean_disable_title":"default","ocean_disable_heading":"default","ocean_post_title":"","ocean_post_subheading":"","ocean_post_title_style":"","ocean_post_title_background_color":"","ocean_post_title_background":0,"ocean_post_title_bg_image_position":"","ocean_post_title_bg_image_attachment":"","ocean_post_title_bg_image_repeat":"","ocean_post_title_bg_image_size":"","ocean_post_title_height":0,"ocean_post_title_bg_overlay":0.5,"ocean_post_title_bg_overlay_color":"","ocean_disable_breadcrumbs":"default","ocean_breadcrumbs_color":"","ocean_breadcrumbs_separator_color":"","ocean_breadcrumbs_links_color":"","ocean_breadcrumbs_links_hover_color":"","ocean_display_footer_widgets":"default","ocean_display_footer_bottom":"default","ocean_custom_footer_template":"","footnotes":""},"class_list":["post-158","page","type-page","status-publish","hentry","entry"],"acf":[],"aioseo_notices":[],"_links":{"self":[{"href":"https:\/\/domainelafontaine.fr\/en\/wp-json\/wp\/v2\/pages\/158","targetHints":{"allow":["GET"]}}],"collection":[{"href":"https:\/\/domainelafontaine.fr\/en\/wp-json\/wp\/v2\/pages"}],"about":[{"href":"https:\/\/domainelafontaine.fr\/en\/wp-json\/wp\/v2\/types\/page"}],"author":[{"embeddable":true,"href":"https:\/\/domainelafontaine.fr\/en\/wp-json\/wp\/v2\/users\/1"}],"replies":[{"embeddable":true,"href":"https:\/\/domainelafontaine.fr\/en\/wp-json\/wp\/v2\/comments?post=158"}],"version-history":[{"count":16,"href":"https:\/\/domainelafontaine.fr\/en\/wp-json\/wp\/v2\/pages\/158\/revisions"}],"predecessor-version":[{"id":474,"href":"https:\/\/domainelafontaine.fr\/en\/wp-json\/wp\/v2\/pages\/158\/revisions\/474"}],"wp:attachment":[{"href":"https:\/\/domainelafontaine.fr\/en\/wp-json\/wp\/v2\/media?parent=158"}],"curies":[{"name":"wp","href":"https:\/\/api.w.org\/{rel}","templated":true}]}}