{"id":170,"date":"2025-04-18T08:07:18","date_gmt":"2025-04-18T08:07:18","guid":{"rendered":"https:\/\/site.ouioweb.com\/?page_id=170"},"modified":"2025-05-02T12:16:15","modified_gmt":"2025-05-02T12:16:15","slug":"la-verriere","status":"publish","type":"page","link":"https:\/\/domainelafontaine.fr\/en\/la-verriere\/","title":{"rendered":"The Glass Roof"},"content":{"rendered":"<div data-elementor-type=\"wp-page\" data-elementor-id=\"170\" class=\"elementor elementor-170\" data-elementor-post-type=\"page\">\n\t\t\t\t<div class=\"elementor-element elementor-element-2b72393 e-con-full e-flex e-con e-parent\" data-id=\"2b72393\" data-element_type=\"container\" data-settings=\"{&quot;background_background&quot;:&quot;video&quot;,&quot;background_video_link&quot;:&quot;https:\\\/\\\/youtu.be\\\/OE4ymIL5AT0&quot;,&quot;background_video_start&quot;:60,&quot;background_video_end&quot;:83,&quot;background_play_on_mobile&quot;:&quot;yes&quot;,&quot;background_privacy_mode&quot;:&quot;yes&quot;}\">\n\t\t<div class=\"elementor-background-video-container\" aria-hidden=\"true\">\n\t\t\t\t\t\t\t<div class=\"elementor-background-video-embed\"><\/div>\n\t\t\t\t\t\t<\/div>\t\t<div class=\"elementor-element elementor-element-faad51a elementor-widget elementor-widget-spacer\" data-id=\"faad51a\" data-element_type=\"widget\" data-widget_type=\"spacer.default\">\n\t\t\t\t<div class=\"elementor-widget-container\">\n\t\t\t\t\t\t\t<div class=\"elementor-spacer\">\n\t\t\t<div class=\"elementor-spacer-inner\"><\/div>\n\t\t<\/div>\n\t\t\t\t\t\t<\/div>\n\t\t\t\t<\/div>\n\t\t\t\t<div class=\"elementor-element elementor-element-7a6a65d elementor-widget elementor-widget-heading\" data-id=\"7a6a65d\" data-element_type=\"widget\" data-widget_type=\"heading.default\">\n\t\t\t\t<div class=\"elementor-widget-container\">\n\t\t\t\t\t<h1 class=\"elementor-heading-title elementor-size-default\">The Glass Roof<\/h1>\t\t\t\t<\/div>\n\t\t\t\t<\/div>\n\t\t\t\t<div class=\"elementor-element elementor-element-afe9fd6 elementor-widget elementor-widget-image\" data-id=\"afe9fd6\" data-element_type=\"widget\" data-widget_type=\"image.default\">\n\t\t\t\t<div class=\"elementor-widget-container\">\n\t\t\t\t\t\t\t\t\t\t\t\t\t\t\t<img decoding=\"async\" width=\"301\" height=\"154\" src=\"https:\/\/domainelafontaine.fr\/wp-content\/uploads\/2025\/04\/Domaine-la-fontaine-Brochure-de-presentation-DEFINITIVE-18-02-25_compressed-1.pdf-2-e1746004121836.png\" class=\"attachment-full size-full wp-image-78\" alt=\"\" \/>\t\t\t\t\t\t\t\t\t\t\t\t\t\t\t<\/div>\n\t\t\t\t<\/div>\n\t\t\t\t<\/div>\n\t\t<div class=\"elementor-element elementor-element-9cb6b75 e-flex e-con-boxed e-con e-parent\" data-id=\"9cb6b75\" data-element_type=\"container\" data-settings=\"{&quot;background_background&quot;:&quot;classic&quot;}\">\n\t\t\t\t\t<div class=\"e-con-inner\">\n\t\t<div class=\"elementor-element elementor-element-ada0f81 e-con-full e-flex e-con e-child\" data-id=\"ada0f81\" data-element_type=\"container\">\n\t\t\t\t<div class=\"elementor-element elementor-element-57e0315 elementor-widget elementor-widget-heading\" data-id=\"57e0315\" data-element_type=\"widget\" data-widget_type=\"heading.default\">\n\t\t\t\t<div class=\"elementor-widget-container\">\n\t\t\t\t\t<p class=\"elementor-heading-title elementor-size-default\">A glasshouse bathed in natural light\n<\/p>\t\t\t\t<\/div>\n\t\t\t\t<\/div>\n\t\t\t\t<div class=\"elementor-element elementor-element-c58aba2 elementor-widget elementor-widget-heading\" data-id=\"c58aba2\" data-element_type=\"widget\" data-widget_type=\"heading.default\">\n\t\t\t\t<div class=\"elementor-widget-container\">\n\t\t\t\t\t<p class=\"elementor-heading-title elementor-size-default\">A true link between indoors and outdoors, the estate\u2019s glasshouse hosts your receptions in a bright and elegant setting. Its simple, modern architecture enhances the surrounding landscapes while offering you a charming covered space.<\/p>\t\t\t\t<\/div>\n\t\t\t\t<\/div>\n\t\t\t\t<div class=\"elementor-element elementor-element-091bff2 elementor-align-right elementor-widget elementor-widget-button\" data-id=\"091bff2\" data-element_type=\"widget\" data-widget_type=\"button.default\">\n\t\t\t\t<div class=\"elementor-widget-container\">\n\t\t\t\t\t\t\t\t\t<div class=\"elementor-button-wrapper\">\n\t\t\t\t\t<a class=\"elementor-button elementor-button-link elementor-size-sm\" href=\"https:\/\/domainelafontaine.fr\/en\/contactez-nous\/\">\n\t\t\t\t\t\t<span class=\"elementor-button-content-wrapper\">\n\t\t\t\t\t\t\t\t\t<span class=\"elementor-button-text\">I am requesting information for my wedding<\/span>\n\t\t\t\t\t<\/span>\n\t\t\t\t\t<\/a>\n\t\t\t\t<\/div>\n\t\t\t\t\t\t\t\t<\/div>\n\t\t\t\t<\/div>\n\t\t\t\t<\/div>\n\t\t<div class=\"elementor-element elementor-element-c22a15e e-con-full e-flex e-con e-child\" data-id=\"c22a15e\" data-element_type=\"container\">\n\t\t\t\t<div class=\"elementor-element elementor-element-780c448 elementor-widget elementor-widget-image\" data-id=\"780c448\" data-element_type=\"widget\" data-widget_type=\"image.default\">\n\t\t\t\t<div class=\"elementor-widget-container\">\n\t\t\t\t\t\t\t\t\t\t\t\t\t\t\t\t<a href=\"https:\/\/domainelafontaine.fr\/wp-content\/uploads\/2025\/04\/VIVEZ-DRONE-5-scaled.jpg\" data-elementor-open-lightbox=\"yes\" data-elementor-lightbox-title=\"VIVEZ DRONE-5\" data-e-action-hash=\"#elementor-action%3Aaction%3Dlightbox%26settings%3DeyJpZCI6MTcyLCJ1cmwiOiJodHRwczpcL1wvZG9tYWluZWxhZm9udGFpbmUuZnJcL3dwLWNvbnRlbnRcL3VwbG9hZHNcLzIwMjVcLzA0XC9WSVZFWi1EUk9ORS01LXNjYWxlZC5qcGcifQ%3D%3D\">\n\t\t\t\t\t\t\t<img fetchpriority=\"high\" decoding=\"async\" width=\"1024\" height=\"683\" src=\"https:\/\/domainelafontaine.fr\/wp-content\/uploads\/2025\/04\/VIVEZ-DRONE-5-1024x683.jpg\" class=\"attachment-large size-large wp-image-172\" alt=\"\" srcset=\"https:\/\/domainelafontaine.fr\/wp-content\/uploads\/2025\/04\/VIVEZ-DRONE-5-1024x683.jpg 1024w, https:\/\/domainelafontaine.fr\/wp-content\/uploads\/2025\/04\/VIVEZ-DRONE-5-300x200.jpg 300w, https:\/\/domainelafontaine.fr\/wp-content\/uploads\/2025\/04\/VIVEZ-DRONE-5-768x512.jpg 768w, https:\/\/domainelafontaine.fr\/wp-content\/uploads\/2025\/04\/VIVEZ-DRONE-5-1536x1024.jpg 1536w, https:\/\/domainelafontaine.fr\/wp-content\/uploads\/2025\/04\/VIVEZ-DRONE-5-2048x1365.jpg 2048w\" sizes=\"(max-width: 1024px) 100vw, 1024px\" \/>\t\t\t\t\t\t\t\t<\/a>\n\t\t\t\t\t\t\t\t\t\t\t\t\t\t\t<\/div>\n\t\t\t\t<\/div>\n\t\t\t\t<\/div>\n\t\t\t\t\t<\/div>\n\t\t\t\t<\/div>\n\t\t<div class=\"elementor-element elementor-element-a8bba2d e-flex e-con-boxed e-con e-parent\" data-id=\"a8bba2d\" data-element_type=\"container\" data-settings=\"{&quot;background_background&quot;:&quot;classic&quot;}\">\n\t\t\t\t\t<div class=\"e-con-inner\">\n\t\t<div class=\"elementor-element elementor-element-f500d9f e-con-full e-flex e-con e-child\" data-id=\"f500d9f\" data-element_type=\"container\">\n\t\t\t\t<div class=\"elementor-element elementor-element-d88c570 elementor-widget elementor-widget-image\" data-id=\"d88c570\" data-element_type=\"widget\" data-widget_type=\"image.default\">\n\t\t\t\t<div class=\"elementor-widget-container\">\n\t\t\t\t\t\t\t\t\t\t\t\t\t\t\t\t<a href=\"https:\/\/domainelafontaine.fr\/wp-content\/uploads\/2025\/04\/VIVEZ-DRONE-scaled.jpg\" data-elementor-open-lightbox=\"yes\" data-elementor-lightbox-title=\"VIVEZ DRONE\" data-e-action-hash=\"#elementor-action%3Aaction%3Dlightbox%26settings%3DeyJpZCI6MTczLCJ1cmwiOiJodHRwczpcL1wvZG9tYWluZWxhZm9udGFpbmUuZnJcL3dwLWNvbnRlbnRcL3VwbG9hZHNcLzIwMjVcLzA0XC9WSVZFWi1EUk9ORS1zY2FsZWQuanBnIn0%3D\">\n\t\t\t\t\t\t\t<img decoding=\"async\" width=\"1024\" height=\"683\" src=\"https:\/\/domainelafontaine.fr\/wp-content\/uploads\/2025\/04\/VIVEZ-DRONE-1024x683.jpg\" class=\"attachment-large size-large wp-image-173\" alt=\"\" srcset=\"https:\/\/domainelafontaine.fr\/wp-content\/uploads\/2025\/04\/VIVEZ-DRONE-1024x683.jpg 1024w, https:\/\/domainelafontaine.fr\/wp-content\/uploads\/2025\/04\/VIVEZ-DRONE-300x200.jpg 300w, https:\/\/domainelafontaine.fr\/wp-content\/uploads\/2025\/04\/VIVEZ-DRONE-768x512.jpg 768w, https:\/\/domainelafontaine.fr\/wp-content\/uploads\/2025\/04\/VIVEZ-DRONE-1536x1024.jpg 1536w, https:\/\/domainelafontaine.fr\/wp-content\/uploads\/2025\/04\/VIVEZ-DRONE-2048x1365.jpg 2048w\" sizes=\"(max-width: 1024px) 100vw, 1024px\" \/>\t\t\t\t\t\t\t\t<\/a>\n\t\t\t\t\t\t\t\t\t\t\t\t\t\t\t<\/div>\n\t\t\t\t<\/div>\n\t\t\t\t<\/div>\n\t\t<div class=\"elementor-element elementor-element-4caabac e-con-full e-flex e-con e-child\" data-id=\"4caabac\" data-element_type=\"container\">\n\t\t\t\t<div class=\"elementor-element elementor-element-d206a28 elementor-widget elementor-widget-heading\" data-id=\"d206a28\" data-element_type=\"widget\" data-widget_type=\"heading.default\">\n\t\t\t\t<div class=\"elementor-widget-container\">\n\t\t\t\t\t<p class=\"elementor-heading-title elementor-size-default\">Industriel &amp; authenticit\u00e9 proven\u00e7ale\n<\/p>\t\t\t\t<\/div>\n\t\t\t\t<\/div>\n\t\t\t\t<div class=\"elementor-element elementor-element-53a141b elementor-widget elementor-widget-heading\" data-id=\"53a141b\" data-element_type=\"widget\" data-widget_type=\"heading.default\">\n\t\t\t\t<div class=\"elementor-widget-container\">\n\t\t\t\t\t<p class=\"elementor-heading-title elementor-size-default\">The glasshouse combines chic industrial style with the warmth of local materials. Perfect for a refined dinner, a cocktail, or a dance floor, it adapts to all your desires while offering a breathtaking view of the park, the surrounding nature, and the village of Simiane-La-Rotonde.\n\n<\/p>\t\t\t\t<\/div>\n\t\t\t\t<\/div>\n\t\t\t\t<\/div>\n\t\t\t\t\t<\/div>\n\t\t\t\t<\/div>\n\t\t<div class=\"elementor-element elementor-element-ca126d2 e-flex e-con-boxed e-con e-parent\" data-id=\"ca126d2\" data-element_type=\"container\" data-settings=\"{&quot;background_background&quot;:&quot;classic&quot;}\">\n\t\t\t\t\t<div class=\"e-con-inner\">\n\t\t<div class=\"elementor-element elementor-element-c5d7096 e-con-full e-flex e-con e-child\" data-id=\"c5d7096\" data-element_type=\"container\">\n\t\t\t\t<div class=\"elementor-element elementor-element-7041eaf elementor-widget elementor-widget-heading\" data-id=\"7041eaf\" data-element_type=\"widget\" data-widget_type=\"heading.default\">\n\t\t\t\t<div class=\"elementor-widget-container\">\n\t\t\t\t\t<p class=\"elementor-heading-title elementor-size-default\">A flexible and welcoming reception venue\n<\/p>\t\t\t\t<\/div>\n\t\t\t\t<\/div>\n\t\t\t\t<div class=\"elementor-element elementor-element-1b9d2c9 elementor-widget elementor-widget-heading\" data-id=\"1b9d2c9\" data-element_type=\"widget\" data-widget_type=\"heading.default\">\n\t\t\t\t<div class=\"elementor-widget-container\">\n\t\t\t\t\t<p class=\"elementor-heading-title elementor-size-default\">Whether for a seated dinner, a cocktail reception, or a festive evening, the glasshouse charms with its versatility and friendly atmosphere. Your guests will enjoy a welcoming space, both sheltered and open to the scents of Provence.\n\n<\/p>\t\t\t\t<\/div>\n\t\t\t\t<\/div>\n\t\t\t\t<div class=\"elementor-element elementor-element-d0ee258 elementor-align-right elementor-widget elementor-widget-button\" data-id=\"d0ee258\" data-element_type=\"widget\" data-widget_type=\"button.default\">\n\t\t\t\t<div class=\"elementor-widget-container\">\n\t\t\t\t\t\t\t\t\t<div class=\"elementor-button-wrapper\">\n\t\t\t\t\t<a class=\"elementor-button elementor-button-link elementor-size-sm\" href=\"https:\/\/domainelafontaine.fr\/en\/contactez-nous\/\">\n\t\t\t\t\t\t<span class=\"elementor-button-content-wrapper\">\n\t\t\t\t\t\t\t\t\t<span class=\"elementor-button-text\">I say yes to the wedding of my dreams!<\/span>\n\t\t\t\t\t<\/span>\n\t\t\t\t\t<\/a>\n\t\t\t\t<\/div>\n\t\t\t\t\t\t\t\t<\/div>\n\t\t\t\t<\/div>\n\t\t\t\t<\/div>\n\t\t<div class=\"elementor-element elementor-element-89a5691 e-con-full e-flex e-con e-child\" data-id=\"89a5691\" data-element_type=\"container\">\n\t\t\t\t<div class=\"elementor-element elementor-element-8a3234a elementor-widget elementor-widget-image\" data-id=\"8a3234a\" data-element_type=\"widget\" data-widget_type=\"image.default\">\n\t\t\t\t<div class=\"elementor-widget-container\">\n\t\t\t\t\t\t\t\t\t\t\t\t\t\t\t\t<a href=\"https:\/\/domainelafontaine.fr\/wp-content\/uploads\/2025\/04\/VIVEZ-DRONE-2-scaled.jpg\" data-elementor-open-lightbox=\"yes\" data-elementor-lightbox-title=\"VIVEZ DRONE-2\" data-e-action-hash=\"#elementor-action%3Aaction%3Dlightbox%26settings%3DeyJpZCI6MTc0LCJ1cmwiOiJodHRwczpcL1wvZG9tYWluZWxhZm9udGFpbmUuZnJcL3dwLWNvbnRlbnRcL3VwbG9hZHNcLzIwMjVcLzA0XC9WSVZFWi1EUk9ORS0yLXNjYWxlZC5qcGcifQ%3D%3D\">\n\t\t\t\t\t\t\t<img loading=\"lazy\" decoding=\"async\" width=\"1024\" height=\"683\" src=\"https:\/\/domainelafontaine.fr\/wp-content\/uploads\/2025\/04\/VIVEZ-DRONE-2-1024x683.jpg\" class=\"attachment-large size-large wp-image-174\" alt=\"\" srcset=\"https:\/\/domainelafontaine.fr\/wp-content\/uploads\/2025\/04\/VIVEZ-DRONE-2-1024x683.jpg 1024w, https:\/\/domainelafontaine.fr\/wp-content\/uploads\/2025\/04\/VIVEZ-DRONE-2-300x200.jpg 300w, https:\/\/domainelafontaine.fr\/wp-content\/uploads\/2025\/04\/VIVEZ-DRONE-2-768x512.jpg 768w, https:\/\/domainelafontaine.fr\/wp-content\/uploads\/2025\/04\/VIVEZ-DRONE-2-1536x1024.jpg 1536w, https:\/\/domainelafontaine.fr\/wp-content\/uploads\/2025\/04\/VIVEZ-DRONE-2-2048x1365.jpg 2048w\" sizes=\"(max-width: 1024px) 100vw, 1024px\" \/>\t\t\t\t\t\t\t\t<\/a>\n\t\t\t\t\t\t\t\t\t\t\t\t\t\t\t<\/div>\n\t\t\t\t<\/div>\n\t\t\t\t<\/div>\n\t\t\t\t\t<\/div>\n\t\t\t\t<\/div>\n\t\t\t\t<\/div>","protected":false},"excerpt":{"rendered":"<p>La Verri\u00e8re Une verri\u00e8re baign\u00e9e de lumi\u00e8re naturelle V\u00e9ritable trait d\u2019union entre int\u00e9rieur et ext\u00e9rieur, la verri\u00e8re du domaine accueille vos r\u00e9ceptions dans un \u00e9crin lumineux et \u00e9l\u00e9gant. Son architecture sobre et moderne sublime les paysages environnants tout en vous offrant un espace couvert plein de charme. Je demande des informations pour mon mariage Industriel [&hellip;]<\/p>","protected":false},"author":1,"featured_media":0,"parent":0,"menu_order":0,"comment_status":"closed","ping_status":"closed","template":"elementor_header_footer","meta":{"_acf_changed":false,"ocean_post_layout":"","ocean_both_sidebars_style":"","ocean_both_sidebars_content_width":0,"ocean_both_sidebars_sidebars_width":0,"ocean_sidebar":"","ocean_second_sidebar":"","ocean_disable_margins":"enable","ocean_add_body_class":"","ocean_shortcode_before_top_bar":"","ocean_shortcode_after_top_bar":"","ocean_shortcode_before_header":"","ocean_shortcode_after_header":"","ocean_has_shortcode":"","ocean_shortcode_after_title":"","ocean_shortcode_before_footer_widgets":"","ocean_shortcode_after_footer_widgets":"","ocean_shortcode_before_footer_bottom":"","ocean_shortcode_after_footer_bottom":"","ocean_display_top_bar":"default","ocean_display_header":"default","ocean_header_style":"","ocean_center_header_left_menu":"","ocean_custom_header_template":"","ocean_custom_logo":0,"ocean_custom_retina_logo":0,"ocean_custom_logo_max_width":0,"ocean_custom_logo_tablet_max_width":0,"ocean_custom_logo_mobile_max_width":0,"ocean_custom_logo_max_height":0,"ocean_custom_logo_tablet_max_height":0,"ocean_custom_logo_mobile_max_height":0,"ocean_header_custom_menu":"","ocean_menu_typo_font_family":"","ocean_menu_typo_font_subset":"","ocean_menu_typo_font_size":0,"ocean_menu_typo_font_size_tablet":0,"ocean_menu_typo_font_size_mobile":0,"ocean_menu_typo_font_size_unit":"px","ocean_menu_typo_font_weight":"","ocean_menu_typo_font_weight_tablet":"","ocean_menu_typo_font_weight_mobile":"","ocean_menu_typo_transform":"","ocean_menu_typo_transform_tablet":"","ocean_menu_typo_transform_mobile":"","ocean_menu_typo_line_height":0,"ocean_menu_typo_line_height_tablet":0,"ocean_menu_typo_line_height_mobile":0,"ocean_menu_typo_line_height_unit":"","ocean_menu_typo_spacing":0,"ocean_menu_typo_spacing_tablet":0,"ocean_menu_typo_spacing_mobile":0,"ocean_menu_typo_spacing_unit":"","ocean_menu_link_color":"","ocean_menu_link_color_hover":"","ocean_menu_link_color_active":"","ocean_menu_link_background":"","ocean_menu_link_hover_background":"","ocean_menu_link_active_background":"","ocean_menu_social_links_bg":"","ocean_menu_social_hover_links_bg":"","ocean_menu_social_links_color":"","ocean_menu_social_hover_links_color":"","ocean_disable_title":"default","ocean_disable_heading":"default","ocean_post_title":"","ocean_post_subheading":"","ocean_post_title_style":"","ocean_post_title_background_color":"","ocean_post_title_background":0,"ocean_post_title_bg_image_position":"","ocean_post_title_bg_image_attachment":"","ocean_post_title_bg_image_repeat":"","ocean_post_title_bg_image_size":"","ocean_post_title_height":0,"ocean_post_title_bg_overlay":0.5,"ocean_post_title_bg_overlay_color":"","ocean_disable_breadcrumbs":"default","ocean_breadcrumbs_color":"","ocean_breadcrumbs_separator_color":"","ocean_breadcrumbs_links_color":"","ocean_breadcrumbs_links_hover_color":"","ocean_display_footer_widgets":"default","ocean_display_footer_bottom":"default","ocean_custom_footer_template":"","footnotes":""},"class_list":["post-170","page","type-page","status-publish","hentry","entry"],"acf":[],"aioseo_notices":[],"_links":{"self":[{"href":"https:\/\/domainelafontaine.fr\/en\/wp-json\/wp\/v2\/pages\/170","targetHints":{"allow":["GET"]}}],"collection":[{"href":"https:\/\/domainelafontaine.fr\/en\/wp-json\/wp\/v2\/pages"}],"about":[{"href":"https:\/\/domainelafontaine.fr\/en\/wp-json\/wp\/v2\/types\/page"}],"author":[{"embeddable":true,"href":"https:\/\/domainelafontaine.fr\/en\/wp-json\/wp\/v2\/users\/1"}],"replies":[{"embeddable":true,"href":"https:\/\/domainelafontaine.fr\/en\/wp-json\/wp\/v2\/comments?post=170"}],"version-history":[{"count":13,"href":"https:\/\/domainelafontaine.fr\/en\/wp-json\/wp\/v2\/pages\/170\/revisions"}],"predecessor-version":[{"id":477,"href":"https:\/\/domainelafontaine.fr\/en\/wp-json\/wp\/v2\/pages\/170\/revisions\/477"}],"wp:attachment":[{"href":"https:\/\/domainelafontaine.fr\/en\/wp-json\/wp\/v2\/media?parent=170"}],"curies":[{"name":"wp","href":"https:\/\/api.w.org\/{rel}","templated":true}]}}