{"id":186,"date":"2025-04-18T09:05:57","date_gmt":"2025-04-18T09:05:57","guid":{"rendered":"https:\/\/site.ouioweb.com\/?page_id=186"},"modified":"2025-05-12T12:24:22","modified_gmt":"2025-05-12T12:24:22","slug":"le-traiteur","status":"publish","type":"page","link":"https:\/\/domainelafontaine.fr\/en\/le-traiteur\/","title":{"rendered":"The Caterer"},"content":{"rendered":"<div data-elementor-type=\"wp-page\" data-elementor-id=\"186\" class=\"elementor elementor-186\" data-elementor-post-type=\"page\">\n\t\t\t\t<div class=\"elementor-element elementor-element-2b72393 e-con-full e-flex e-con e-parent\" data-id=\"2b72393\" data-element_type=\"container\" data-settings=\"{&quot;background_background&quot;:&quot;classic&quot;}\">\n\t\t\t\t<div class=\"elementor-element elementor-element-faad51a elementor-widget elementor-widget-spacer\" data-id=\"faad51a\" data-element_type=\"widget\" data-widget_type=\"spacer.default\">\n\t\t\t\t<div class=\"elementor-widget-container\">\n\t\t\t\t\t\t\t<div class=\"elementor-spacer\">\n\t\t\t<div class=\"elementor-spacer-inner\"><\/div>\n\t\t<\/div>\n\t\t\t\t\t\t<\/div>\n\t\t\t\t<\/div>\n\t\t\t\t<div class=\"elementor-element elementor-element-7a6a65d elementor-widget elementor-widget-heading\" data-id=\"7a6a65d\" data-element_type=\"widget\" data-widget_type=\"heading.default\">\n\t\t\t\t<div class=\"elementor-widget-container\">\n\t\t\t\t\t<h1 class=\"elementor-heading-title elementor-size-default\">The Caterer<\/h1>\t\t\t\t<\/div>\n\t\t\t\t<\/div>\n\t\t\t\t<div class=\"elementor-element elementor-element-afe9fd6 elementor-widget elementor-widget-image\" data-id=\"afe9fd6\" data-element_type=\"widget\" data-widget_type=\"image.default\">\n\t\t\t\t<div class=\"elementor-widget-container\">\n\t\t\t\t\t\t\t\t\t\t\t\t\t\t\t<img decoding=\"async\" width=\"301\" height=\"154\" src=\"https:\/\/domainelafontaine.fr\/wp-content\/uploads\/2025\/04\/Domaine-la-fontaine-Brochure-de-presentation-DEFINITIVE-18-02-25_compressed-1.pdf-2-e1746004121836.png\" class=\"attachment-full size-full wp-image-78\" alt=\"\" \/>\t\t\t\t\t\t\t\t\t\t\t\t\t\t\t<\/div>\n\t\t\t\t<\/div>\n\t\t\t\t<\/div>\n\t\t<div class=\"elementor-element elementor-element-9cb6b75 e-flex e-con-boxed e-con e-parent\" data-id=\"9cb6b75\" data-element_type=\"container\" data-settings=\"{&quot;background_background&quot;:&quot;classic&quot;}\">\n\t\t\t\t\t<div class=\"e-con-inner\">\n\t\t<div class=\"elementor-element elementor-element-ada0f81 e-con-full e-flex e-con e-child\" data-id=\"ada0f81\" data-element_type=\"container\">\n\t\t\t\t<div class=\"elementor-element elementor-element-57e0315 elementor-widget elementor-widget-heading\" data-id=\"57e0315\" data-element_type=\"widget\" data-widget_type=\"heading.default\">\n\t\t\t\t<div class=\"elementor-widget-container\">\n\t\t\t\t\t<p class=\"elementor-heading-title elementor-size-default\">Local, generous, and refined cuisine<\/p>\t\t\t\t<\/div>\n\t\t\t\t<\/div>\n\t\t\t\t<div class=\"elementor-element elementor-element-c58aba2 elementor-widget elementor-widget-heading\" data-id=\"c58aba2\" data-element_type=\"widget\" data-widget_type=\"heading.default\">\n\t\t\t\t<div class=\"elementor-widget-container\">\n\t\t\t\t\t<p class=\"elementor-heading-title elementor-size-default\">To enhance your event, our catering service offers seasonal cuisine made from carefully selected local products. Chef Th\u00e9o creates customizable menus that reflect your style, where indulgence meets elegance.\nFrom the wedding meal to the next day\u2019s brunch, including the dinner on the eve, each dish is prepared with passion to delight your guests\u2019 taste buds. You can also choose original options such as a cocktail bar, a friendly fire pit, or an artisanal ice cream bar.<\/p>\t\t\t\t<\/div>\n\t\t\t\t<\/div>\n\t\t\t\t<div class=\"elementor-element elementor-element-091bff2 elementor-align-right elementor-widget elementor-widget-button\" data-id=\"091bff2\" data-element_type=\"widget\" data-widget_type=\"button.default\">\n\t\t\t\t<div class=\"elementor-widget-container\">\n\t\t\t\t\t\t\t\t\t<div class=\"elementor-button-wrapper\">\n\t\t\t\t\t<a class=\"elementor-button elementor-button-link elementor-size-sm\" href=\"https:\/\/domainelafontaine.fr\/en\/contactez-nous\/\">\n\t\t\t\t\t\t<span class=\"elementor-button-content-wrapper\">\n\t\t\t\t\t\t\t\t\t<span class=\"elementor-button-text\">I am requesting information for my wedding<\/span>\n\t\t\t\t\t<\/span>\n\t\t\t\t\t<\/a>\n\t\t\t\t<\/div>\n\t\t\t\t\t\t\t\t<\/div>\n\t\t\t\t<\/div>\n\t\t\t\t<\/div>\n\t\t<div class=\"elementor-element elementor-element-c22a15e e-con-full e-flex e-con e-child\" data-id=\"c22a15e\" data-element_type=\"container\">\n\t\t\t\t<div class=\"elementor-element elementor-element-ab448da elementor-widget elementor-widget-image\" data-id=\"ab448da\" data-element_type=\"widget\" data-widget_type=\"image.default\">\n\t\t\t\t<div class=\"elementor-widget-container\">\n\t\t\t\t\t\t\t\t\t\t\t\t\t\t\t\t<a href=\"https:\/\/domainelafontaine.fr\/wp-content\/uploads\/2025\/04\/traiteur-4.png\" data-elementor-open-lightbox=\"yes\" data-elementor-lightbox-title=\"traiteur 4\" data-e-action-hash=\"#elementor-action%3Aaction%3Dlightbox%26settings%3DeyJpZCI6MTg5LCJ1cmwiOiJodHRwczpcL1wvZG9tYWluZWxhZm9udGFpbmUuZnJcL3dwLWNvbnRlbnRcL3VwbG9hZHNcLzIwMjVcLzA0XC90cmFpdGV1ci00LnBuZyJ9\">\n\t\t\t\t\t\t\t<img fetchpriority=\"high\" decoding=\"async\" width=\"434\" height=\"592\" src=\"https:\/\/domainelafontaine.fr\/wp-content\/uploads\/2025\/04\/traiteur-4.png\" class=\"attachment-large size-large wp-image-189\" alt=\"\" srcset=\"https:\/\/domainelafontaine.fr\/wp-content\/uploads\/2025\/04\/traiteur-4.png 434w, https:\/\/domainelafontaine.fr\/wp-content\/uploads\/2025\/04\/traiteur-4-220x300.png 220w\" sizes=\"(max-width: 434px) 100vw, 434px\" \/>\t\t\t\t\t\t\t\t<\/a>\n\t\t\t\t\t\t\t\t\t\t\t\t\t\t\t<\/div>\n\t\t\t\t<\/div>\n\t\t\t\t<\/div>\n\t\t\t\t\t<\/div>\n\t\t\t\t<\/div>\n\t\t<div class=\"elementor-element elementor-element-11aac8d e-flex e-con-boxed e-con e-parent\" data-id=\"11aac8d\" data-element_type=\"container\" data-settings=\"{&quot;background_background&quot;:&quot;classic&quot;}\">\n\t\t\t\t\t<div class=\"e-con-inner\">\n\t\t<div class=\"elementor-element elementor-element-ea424ec e-con-full e-flex e-con e-child\" data-id=\"ea424ec\" data-element_type=\"container\">\n\t\t\t\t<div class=\"elementor-element elementor-element-8d45a4e elementor-widget elementor-widget-image\" data-id=\"8d45a4e\" data-element_type=\"widget\" data-widget_type=\"image.default\">\n\t\t\t\t<div class=\"elementor-widget-container\">\n\t\t\t\t\t\t\t\t\t\t\t\t\t\t\t\t<a href=\"https:\/\/domainelafontaine.fr\/wp-content\/uploads\/2025\/05\/BJP-123-scaled.jpg\" data-elementor-open-lightbox=\"yes\" data-elementor-lightbox-title=\"B&amp;JP-123\" data-e-action-hash=\"#elementor-action%3Aaction%3Dlightbox%26settings%3DeyJpZCI6NDU5LCJ1cmwiOiJodHRwczpcL1wvZG9tYWluZWxhZm9udGFpbmUuZnJcL3dwLWNvbnRlbnRcL3VwbG9hZHNcLzIwMjVcLzA1XC9CSlAtMTIzLXNjYWxlZC5qcGcifQ%3D%3D\">\n\t\t\t\t\t\t\t<img decoding=\"async\" width=\"1024\" height=\"683\" src=\"https:\/\/domainelafontaine.fr\/wp-content\/uploads\/2025\/05\/BJP-123-1024x683.jpg\" class=\"attachment-large size-large wp-image-459\" alt=\"\" srcset=\"https:\/\/domainelafontaine.fr\/wp-content\/uploads\/2025\/05\/BJP-123-1024x683.jpg 1024w, https:\/\/domainelafontaine.fr\/wp-content\/uploads\/2025\/05\/BJP-123-300x200.jpg 300w, https:\/\/domainelafontaine.fr\/wp-content\/uploads\/2025\/05\/BJP-123-768x512.jpg 768w, https:\/\/domainelafontaine.fr\/wp-content\/uploads\/2025\/05\/BJP-123-1536x1024.jpg 1536w, https:\/\/domainelafontaine.fr\/wp-content\/uploads\/2025\/05\/BJP-123-2048x1365.jpg 2048w\" sizes=\"(max-width: 1024px) 100vw, 1024px\" \/>\t\t\t\t\t\t\t\t<\/a>\n\t\t\t\t\t\t\t\t\t\t\t\t\t\t\t<\/div>\n\t\t\t\t<\/div>\n\t\t\t\t<\/div>\n\t\t<div class=\"elementor-element elementor-element-f947d33 e-con-full e-flex e-con e-child\" data-id=\"f947d33\" data-element_type=\"container\">\n\t\t\t\t<div class=\"elementor-element elementor-element-a1ed59a elementor-widget elementor-widget-heading\" data-id=\"a1ed59a\" data-element_type=\"widget\" data-widget_type=\"heading.default\">\n\t\t\t\t<div class=\"elementor-widget-container\">\n\t\t\t\t\t<p class=\"elementor-heading-title elementor-size-default\">A moment of sharing around the table<\/p>\t\t\t\t<\/div>\n\t\t\t\t<\/div>\n\t\t\t\t<div class=\"elementor-element elementor-element-7de48f0 elementor-widget elementor-widget-heading\" data-id=\"7de48f0\" data-element_type=\"widget\" data-widget_type=\"heading.default\">\n\t\t\t\t<div class=\"elementor-widget-container\">\n\t\t\t\t\t<p class=\"elementor-heading-title elementor-size-default\">Because every wedding is unique, our caterer adapts to your wishes: tailor-made menus, vegetarian options, culinary animations\u2026 We believe that cuisine is a source of emotion, a moment of shared pleasure.\nIn a chic yet relaxed spirit, we offer you more than just a meal: a culinary experience rooted in the flavors of Provence, where the quality of the products and attention to detail make all the difference.<\/p>\t\t\t\t<\/div>\n\t\t\t\t<\/div>\n\t\t\t\t<\/div>\n\t\t\t\t\t<\/div>\n\t\t\t\t<\/div>\n\t\t<div class=\"elementor-element elementor-element-ca126d2 e-flex e-con-boxed e-con e-parent\" data-id=\"ca126d2\" data-element_type=\"container\" data-settings=\"{&quot;background_background&quot;:&quot;classic&quot;}\">\n\t\t\t\t\t<div class=\"e-con-inner\">\n\t\t<div class=\"elementor-element elementor-element-c5d7096 e-con-full e-flex e-con e-child\" data-id=\"c5d7096\" data-element_type=\"container\">\n\t\t\t\t<div class=\"elementor-element elementor-element-7041eaf elementor-widget elementor-widget-heading\" data-id=\"7041eaf\" data-element_type=\"widget\" data-widget_type=\"heading.default\">\n\t\t\t\t<div class=\"elementor-widget-container\">\n\t\t\t\t\t<p class=\"elementor-heading-title elementor-size-default\">Fire pit<\/p>\t\t\t\t<\/div>\n\t\t\t\t<\/div>\n\t\t\t\t<div class=\"elementor-element elementor-element-1b9d2c9 elementor-widget elementor-widget-heading\" data-id=\"1b9d2c9\" data-element_type=\"widget\" data-widget_type=\"heading.default\">\n\t\t\t\t<div class=\"elementor-widget-container\">\n\t\t\t\t\t<p class=\"elementor-heading-title elementor-size-default\">We offer the fire pit experience with tastings of seafood skewers, grilled meats, and seasonal vegetables. A service much appreciated by guests.<\/p>\t\t\t\t<\/div>\n\t\t\t\t<\/div>\n\t\t\t\t<\/div>\n\t\t<div class=\"elementor-element elementor-element-89a5691 e-con-full e-flex e-con e-child\" data-id=\"89a5691\" data-element_type=\"container\">\n\t\t\t\t<div class=\"elementor-element elementor-element-8a3234a elementor-widget elementor-widget-image\" data-id=\"8a3234a\" data-element_type=\"widget\" data-widget_type=\"image.default\">\n\t\t\t\t<div class=\"elementor-widget-container\">\n\t\t\t\t\t\t\t\t\t\t\t\t\t\t\t\t<a href=\"https:\/\/domainelafontaine.fr\/wp-content\/uploads\/2025\/05\/IMG_4435-scaled.jpg\" data-elementor-open-lightbox=\"yes\" data-elementor-lightbox-title=\"IMG_4435\" data-e-action-hash=\"#elementor-action%3Aaction%3Dlightbox%26settings%3DeyJpZCI6NDQ5LCJ1cmwiOiJodHRwczpcL1wvZG9tYWluZWxhZm9udGFpbmUuZnJcL3dwLWNvbnRlbnRcL3VwbG9hZHNcLzIwMjVcLzA1XC9JTUdfNDQzNS1zY2FsZWQuanBnIn0%3D\">\n\t\t\t\t\t\t\t<img loading=\"lazy\" decoding=\"async\" width=\"1024\" height=\"683\" src=\"https:\/\/domainelafontaine.fr\/wp-content\/uploads\/2025\/05\/IMG_4435-1024x683.jpg\" class=\"attachment-large size-large wp-image-449\" alt=\"\" srcset=\"https:\/\/domainelafontaine.fr\/wp-content\/uploads\/2025\/05\/IMG_4435-1024x683.jpg 1024w, https:\/\/domainelafontaine.fr\/wp-content\/uploads\/2025\/05\/IMG_4435-300x200.jpg 300w, https:\/\/domainelafontaine.fr\/wp-content\/uploads\/2025\/05\/IMG_4435-768x512.jpg 768w, https:\/\/domainelafontaine.fr\/wp-content\/uploads\/2025\/05\/IMG_4435-1536x1024.jpg 1536w, https:\/\/domainelafontaine.fr\/wp-content\/uploads\/2025\/05\/IMG_4435-2048x1365.jpg 2048w\" sizes=\"(max-width: 1024px) 100vw, 1024px\" \/>\t\t\t\t\t\t\t\t<\/a>\n\t\t\t\t\t\t\t\t\t\t\t\t\t\t\t<\/div>\n\t\t\t\t<\/div>\n\t\t\t\t<\/div>\n\t\t\t\t\t<\/div>\n\t\t\t\t<\/div>\n\t\t<div class=\"elementor-element elementor-element-3f014d8 e-flex e-con-boxed e-con e-parent\" data-id=\"3f014d8\" data-element_type=\"container\" data-settings=\"{&quot;background_background&quot;:&quot;classic&quot;}\">\n\t\t\t\t\t<div class=\"e-con-inner\">\n\t\t<div class=\"elementor-element elementor-element-9b7fc4d e-con-full e-flex e-con e-child\" data-id=\"9b7fc4d\" data-element_type=\"container\">\n\t\t\t\t<div class=\"elementor-element elementor-element-2553e10 elementor-widget elementor-widget-image\" data-id=\"2553e10\" data-element_type=\"widget\" data-widget_type=\"image.default\">\n\t\t\t\t<div class=\"elementor-widget-container\">\n\t\t\t\t\t\t\t\t\t\t\t\t\t\t\t\t<a href=\"https:\/\/domainelafontaine.fr\/wp-content\/uploads\/2025\/05\/d8dae986-98eb-4a77-a2c9-ecd3788e60cd.jpg\" data-elementor-open-lightbox=\"yes\" data-elementor-lightbox-title=\"Pizza dans le four \u00e0 bois du Domaine La Fontaine\" data-e-action-hash=\"#elementor-action%3Aaction%3Dlightbox%26settings%3DeyJpZCI6NDUzLCJ1cmwiOiJodHRwczpcL1wvZG9tYWluZWxhZm9udGFpbmUuZnJcL3dwLWNvbnRlbnRcL3VwbG9hZHNcLzIwMjVcLzA1XC9kOGRhZTk4Ni05OGViLTRhNzctYTJjOS1lY2QzNzg4ZTYwY2QuanBnIn0%3D\">\n\t\t\t\t\t\t\t<img loading=\"lazy\" decoding=\"async\" width=\"768\" height=\"1024\" src=\"https:\/\/domainelafontaine.fr\/wp-content\/uploads\/2025\/05\/d8dae986-98eb-4a77-a2c9-ecd3788e60cd-768x1024.jpg\" class=\"attachment-large size-large wp-image-453\" alt=\"\" srcset=\"https:\/\/domainelafontaine.fr\/wp-content\/uploads\/2025\/05\/d8dae986-98eb-4a77-a2c9-ecd3788e60cd-768x1024.jpg 768w, https:\/\/domainelafontaine.fr\/wp-content\/uploads\/2025\/05\/d8dae986-98eb-4a77-a2c9-ecd3788e60cd-225x300.jpg 225w, https:\/\/domainelafontaine.fr\/wp-content\/uploads\/2025\/05\/d8dae986-98eb-4a77-a2c9-ecd3788e60cd-1152x1536.jpg 1152w, https:\/\/domainelafontaine.fr\/wp-content\/uploads\/2025\/05\/d8dae986-98eb-4a77-a2c9-ecd3788e60cd.jpg 1200w\" sizes=\"(max-width: 768px) 100vw, 768px\" \/>\t\t\t\t\t\t\t\t<\/a>\n\t\t\t\t\t\t\t\t\t\t\t\t\t\t\t<\/div>\n\t\t\t\t<\/div>\n\t\t\t\t<\/div>\n\t\t<div class=\"elementor-element elementor-element-2871a72 e-con-full e-flex e-con e-child\" data-id=\"2871a72\" data-element_type=\"container\">\n\t\t\t\t<div class=\"elementor-element elementor-element-4d2bbe8 elementor-widget elementor-widget-heading\" data-id=\"4d2bbe8\" data-element_type=\"widget\" data-widget_type=\"heading.default\">\n\t\t\t\t<div class=\"elementor-widget-container\">\n\t\t\t\t\t<p class=\"elementor-heading-title elementor-size-default\">Pizza oven<\/p>\t\t\t\t<\/div>\n\t\t\t\t<\/div>\n\t\t\t\t<div class=\"elementor-element elementor-element-b7f73ba elementor-widget elementor-widget-heading\" data-id=\"b7f73ba\" data-element_type=\"widget\" data-widget_type=\"heading.default\">\n\t\t\t\t<div class=\"elementor-widget-container\">\n\t\t\t\t\t<p class=\"elementor-heading-title elementor-size-default\">The wood-fired oven gives the pizzas a crispy crust and even baking.<br>We regularly organize the next day\u2019s brunch with this all-you-can-eat pizza service and table service, while enjoying the outdoors and the pool.<\/p>\t\t\t\t<\/div>\n\t\t\t\t<\/div>\n\t\t\t\t<\/div>\n\t\t\t\t\t<\/div>\n\t\t\t\t<\/div>\n\t\t<div class=\"elementor-element elementor-element-f1f2fe4 e-flex e-con-boxed e-con e-parent\" data-id=\"f1f2fe4\" data-element_type=\"container\" data-settings=\"{&quot;background_background&quot;:&quot;classic&quot;}\">\n\t\t\t\t\t<div class=\"e-con-inner\">\n\t\t<div class=\"elementor-element elementor-element-adf466c e-con-full e-flex e-con e-child\" data-id=\"adf466c\" data-element_type=\"container\">\n\t\t\t\t<div class=\"elementor-element elementor-element-0a2350a elementor-widget elementor-widget-heading\" data-id=\"0a2350a\" data-element_type=\"widget\" data-widget_type=\"heading.default\">\n\t\t\t\t<div class=\"elementor-widget-container\">\n\t\t\t\t\t<p class=\"elementor-heading-title elementor-size-default\">BBQ<\/p>\t\t\t\t<\/div>\n\t\t\t\t<\/div>\n\t\t\t\t<div class=\"elementor-element elementor-element-80a8fc4 elementor-widget elementor-widget-heading\" data-id=\"80a8fc4\" data-element_type=\"widget\" data-widget_type=\"heading.default\">\n\t\t\t\t<div class=\"elementor-widget-container\">\n\t\t\t\t\t<p class=\"elementor-heading-title elementor-size-default\">The spit-roasted meats cooking throughout the afternoon awaken your guests\u2019 taste buds, who occasionally stop by to taste the hams or lamb legs from the Plateau d\u2019Albion.<\/p>\t\t\t\t<\/div>\n\t\t\t\t<\/div>\n\t\t\t\t<\/div>\n\t\t<div class=\"elementor-element elementor-element-8483e81 e-con-full e-flex e-con e-child\" data-id=\"8483e81\" data-element_type=\"container\">\n\t\t\t\t<div class=\"elementor-element elementor-element-53e2aaa elementor-widget elementor-widget-image\" data-id=\"53e2aaa\" data-element_type=\"widget\" data-widget_type=\"image.default\">\n\t\t\t\t<div class=\"elementor-widget-container\">\n\t\t\t\t\t\t\t\t\t\t\t\t\t\t\t\t<a href=\"https:\/\/domainelafontaine.fr\/wp-content\/uploads\/2025\/05\/IMG_7910-scaled.jpg\" data-elementor-open-lightbox=\"yes\" data-elementor-lightbox-title=\"IMG_7910\" data-e-action-hash=\"#elementor-action%3Aaction%3Dlightbox%26settings%3DeyJpZCI6NDU1LCJ1cmwiOiJodHRwczpcL1wvZG9tYWluZWxhZm9udGFpbmUuZnJcL3dwLWNvbnRlbnRcL3VwbG9hZHNcLzIwMjVcLzA1XC9JTUdfNzkxMC1zY2FsZWQuanBnIn0%3D\">\n\t\t\t\t\t\t\t<img loading=\"lazy\" decoding=\"async\" width=\"1024\" height=\"683\" src=\"https:\/\/domainelafontaine.fr\/wp-content\/uploads\/2025\/05\/IMG_7910-1024x683.jpg\" class=\"attachment-large size-large wp-image-455\" alt=\"Jambons \u00e0 la broche au BBQ du Domaine La Fontaine, lieu de mariage\" srcset=\"https:\/\/domainelafontaine.fr\/wp-content\/uploads\/2025\/05\/IMG_7910-1024x683.jpg 1024w, https:\/\/domainelafontaine.fr\/wp-content\/uploads\/2025\/05\/IMG_7910-300x200.jpg 300w, https:\/\/domainelafontaine.fr\/wp-content\/uploads\/2025\/05\/IMG_7910-768x512.jpg 768w, https:\/\/domainelafontaine.fr\/wp-content\/uploads\/2025\/05\/IMG_7910-1536x1024.jpg 1536w, https:\/\/domainelafontaine.fr\/wp-content\/uploads\/2025\/05\/IMG_7910-2048x1365.jpg 2048w\" sizes=\"(max-width: 1024px) 100vw, 1024px\" \/>\t\t\t\t\t\t\t\t<\/a>\n\t\t\t\t\t\t\t\t\t\t\t\t\t\t\t<\/div>\n\t\t\t\t<\/div>\n\t\t\t\t<\/div>\n\t\t\t\t\t<\/div>\n\t\t\t\t<\/div>\n\t\t<div class=\"elementor-element elementor-element-ecf3f62 e-flex e-con-boxed e-con e-parent\" data-id=\"ecf3f62\" data-element_type=\"container\" data-settings=\"{&quot;background_background&quot;:&quot;classic&quot;}\">\n\t\t\t\t\t<div class=\"e-con-inner\">\n\t\t<div class=\"elementor-element elementor-element-edcbfb6 e-con-full e-flex e-con e-child\" data-id=\"edcbfb6\" data-element_type=\"container\">\n\t\t\t\t<div class=\"elementor-element elementor-element-32cc526 elementor-widget elementor-widget-image\" data-id=\"32cc526\" data-element_type=\"widget\" data-widget_type=\"image.default\">\n\t\t\t\t<div class=\"elementor-widget-container\">\n\t\t\t\t\t\t\t\t\t\t\t\t\t\t\t\t<a href=\"https:\/\/domainelafontaine.fr\/wp-content\/uploads\/2025\/04\/VIVEZ-DRONE-28-scaled.jpg\" data-elementor-open-lightbox=\"yes\" data-elementor-lightbox-title=\"VIVEZ DRONE-28\" data-e-action-hash=\"#elementor-action%3Aaction%3Dlightbox%26settings%3DeyJpZCI6MTgyLCJ1cmwiOiJodHRwczpcL1wvZG9tYWluZWxhZm9udGFpbmUuZnJcL3dwLWNvbnRlbnRcL3VwbG9hZHNcLzIwMjVcLzA0XC9WSVZFWi1EUk9ORS0yOC1zY2FsZWQuanBnIn0%3D\">\n\t\t\t\t\t\t\t<img loading=\"lazy\" decoding=\"async\" width=\"1024\" height=\"683\" src=\"https:\/\/domainelafontaine.fr\/wp-content\/uploads\/2025\/04\/VIVEZ-DRONE-28-1024x683.jpg\" class=\"attachment-large size-large wp-image-182\" alt=\"\" srcset=\"https:\/\/domainelafontaine.fr\/wp-content\/uploads\/2025\/04\/VIVEZ-DRONE-28-1024x683.jpg 1024w, https:\/\/domainelafontaine.fr\/wp-content\/uploads\/2025\/04\/VIVEZ-DRONE-28-300x200.jpg 300w, https:\/\/domainelafontaine.fr\/wp-content\/uploads\/2025\/04\/VIVEZ-DRONE-28-768x512.jpg 768w, https:\/\/domainelafontaine.fr\/wp-content\/uploads\/2025\/04\/VIVEZ-DRONE-28-1536x1024.jpg 1536w, https:\/\/domainelafontaine.fr\/wp-content\/uploads\/2025\/04\/VIVEZ-DRONE-28-2048x1365.jpg 2048w\" sizes=\"(max-width: 1024px) 100vw, 1024px\" \/>\t\t\t\t\t\t\t\t<\/a>\n\t\t\t\t\t\t\t\t\t\t\t\t\t\t\t<\/div>\n\t\t\t\t<\/div>\n\t\t\t\t<\/div>\n\t\t<div class=\"elementor-element elementor-element-8e4f412 e-con-full e-flex e-con e-child\" data-id=\"8e4f412\" data-element_type=\"container\">\n\t\t\t\t<div class=\"elementor-element elementor-element-532bec6 elementor-widget elementor-widget-heading\" data-id=\"532bec6\" data-element_type=\"widget\" data-widget_type=\"heading.default\">\n\t\t\t\t<div class=\"elementor-widget-container\">\n\t\t\t\t\t<p class=\"elementor-heading-title elementor-size-default\">On-site accommodation, a real plus for your wedding<\/p>\t\t\t\t<\/div>\n\t\t\t\t<\/div>\n\t\t\t\t<div class=\"elementor-element elementor-element-b6884ad elementor-widget elementor-widget-heading\" data-id=\"b6884ad\" data-element_type=\"widget\" data-widget_type=\"heading.default\">\n\t\t\t\t<div class=\"elementor-widget-container\">\n\t\t\t\t\t<p class=\"elementor-heading-title elementor-size-default\">By booking the estate, you benefit from exclusive use of the venue, including its 8 rooms that can accommodate up to 27 people. This on-site accommodation allows your loved ones to fully enjoy the celebration without worrying about travel or logistics.\nIt is also a wonderful opportunity to extend the festivities: dinner the night before, brunch the next day\u2026 Every moment spent together becomes a precious memory, in an intimate, elegant setting entirely privatized for you.<\/p>\t\t\t\t<\/div>\n\t\t\t\t<\/div>\n\t\t\t\t<div class=\"elementor-element elementor-element-eed7ac1 elementor-align-left elementor-widget elementor-widget-button\" data-id=\"eed7ac1\" data-element_type=\"widget\" data-widget_type=\"button.default\">\n\t\t\t\t<div class=\"elementor-widget-container\">\n\t\t\t\t\t\t\t\t\t<div class=\"elementor-button-wrapper\">\n\t\t\t\t\t<a class=\"elementor-button elementor-button-link elementor-size-sm\" href=\"https:\/\/domainelafontaine.fr\/en\/contactez-nous\/\">\n\t\t\t\t\t\t<span class=\"elementor-button-content-wrapper\">\n\t\t\t\t\t\t\t\t\t<span class=\"elementor-button-text\">I say yes to the wedding of my dreams!<\/span>\n\t\t\t\t\t<\/span>\n\t\t\t\t\t<\/a>\n\t\t\t\t<\/div>\n\t\t\t\t\t\t\t\t<\/div>\n\t\t\t\t<\/div>\n\t\t\t\t<\/div>\n\t\t\t\t\t<\/div>\n\t\t\t\t<\/div>\n\t\t\t\t<\/div>","protected":false},"excerpt":{"rendered":"<p>Le traiteur Une cuisine locale, g\u00e9n\u00e9reuse et raffin\u00e9e Pour sublimer votre \u00e9v\u00e9nement, notre service traiteur vous propose une cuisine de saison, \u00e9labor\u00e9e \u00e0 partir de produits locaux soigneusement s\u00e9lectionn\u00e9s. Le chef Th\u00e9o cr\u00e9e des menus personnalisables, \u00e0 votre image, o\u00f9 se rencontrent gourmandise et \u00e9l\u00e9gance. Du repas de mariage au brunch du lendemain, en passant [&hellip;]<\/p>","protected":false},"author":1,"featured_media":0,"parent":0,"menu_order":0,"comment_status":"closed","ping_status":"closed","template":"elementor_header_footer","meta":{"_acf_changed":false,"ocean_post_layout":"","ocean_both_sidebars_style":"","ocean_both_sidebars_content_width":0,"ocean_both_sidebars_sidebars_width":0,"ocean_sidebar":"","ocean_second_sidebar":"","ocean_disable_margins":"enable","ocean_add_body_class":"","ocean_shortcode_before_top_bar":"","ocean_shortcode_after_top_bar":"","ocean_shortcode_before_header":"","ocean_shortcode_after_header":"","ocean_has_shortcode":"","ocean_shortcode_after_title":"","ocean_shortcode_before_footer_widgets":"","ocean_shortcode_after_footer_widgets":"","ocean_shortcode_before_footer_bottom":"","ocean_shortcode_after_footer_bottom":"","ocean_display_top_bar":"default","ocean_display_header":"default","ocean_header_style":"","ocean_center_header_left_menu":"","ocean_custom_header_template":"","ocean_custom_logo":0,"ocean_custom_retina_logo":0,"ocean_custom_logo_max_width":0,"ocean_custom_logo_tablet_max_width":0,"ocean_custom_logo_mobile_max_width":0,"ocean_custom_logo_max_height":0,"ocean_custom_logo_tablet_max_height":0,"ocean_custom_logo_mobile_max_height":0,"ocean_header_custom_menu":"","ocean_menu_typo_font_family":"","ocean_menu_typo_font_subset":"","ocean_menu_typo_font_size":0,"ocean_menu_typo_font_size_tablet":0,"ocean_menu_typo_font_size_mobile":0,"ocean_menu_typo_font_size_unit":"px","ocean_menu_typo_font_weight":"","ocean_menu_typo_font_weight_tablet":"","ocean_menu_typo_font_weight_mobile":"","ocean_menu_typo_transform":"","ocean_menu_typo_transform_tablet":"","ocean_menu_typo_transform_mobile":"","ocean_menu_typo_line_height":0,"ocean_menu_typo_line_height_tablet":0,"ocean_menu_typo_line_height_mobile":0,"ocean_menu_typo_line_height_unit":"","ocean_menu_typo_spacing":0,"ocean_menu_typo_spacing_tablet":0,"ocean_menu_typo_spacing_mobile":0,"ocean_menu_typo_spacing_unit":"","ocean_menu_link_color":"","ocean_menu_link_color_hover":"","ocean_menu_link_color_active":"","ocean_menu_link_background":"","ocean_menu_link_hover_background":"","ocean_menu_link_active_background":"","ocean_menu_social_links_bg":"","ocean_menu_social_hover_links_bg":"","ocean_menu_social_links_color":"","ocean_menu_social_hover_links_color":"","ocean_disable_title":"default","ocean_disable_heading":"default","ocean_post_title":"","ocean_post_subheading":"","ocean_post_title_style":"","ocean_post_title_background_color":"","ocean_post_title_background":0,"ocean_post_title_bg_image_position":"","ocean_post_title_bg_image_attachment":"","ocean_post_title_bg_image_repeat":"","ocean_post_title_bg_image_size":"","ocean_post_title_height":0,"ocean_post_title_bg_overlay":0.5,"ocean_post_title_bg_overlay_color":"","ocean_disable_breadcrumbs":"default","ocean_breadcrumbs_color":"","ocean_breadcrumbs_separator_color":"","ocean_breadcrumbs_links_color":"","ocean_breadcrumbs_links_hover_color":"","ocean_display_footer_widgets":"default","ocean_display_footer_bottom":"default","ocean_custom_footer_template":"","footnotes":""},"class_list":["post-186","page","type-page","status-publish","hentry","entry"],"acf":[],"aioseo_notices":[],"_links":{"self":[{"href":"https:\/\/domainelafontaine.fr\/en\/wp-json\/wp\/v2\/pages\/186","targetHints":{"allow":["GET"]}}],"collection":[{"href":"https:\/\/domainelafontaine.fr\/en\/wp-json\/wp\/v2\/pages"}],"about":[{"href":"https:\/\/domainelafontaine.fr\/en\/wp-json\/wp\/v2\/types\/page"}],"author":[{"embeddable":true,"href":"https:\/\/domainelafontaine.fr\/en\/wp-json\/wp\/v2\/users\/1"}],"replies":[{"embeddable":true,"href":"https:\/\/domainelafontaine.fr\/en\/wp-json\/wp\/v2\/comments?post=186"}],"version-history":[{"count":37,"href":"https:\/\/domainelafontaine.fr\/en\/wp-json\/wp\/v2\/pages\/186\/revisions"}],"predecessor-version":[{"id":615,"href":"https:\/\/domainelafontaine.fr\/en\/wp-json\/wp\/v2\/pages\/186\/revisions\/615"}],"wp:attachment":[{"href":"https:\/\/domainelafontaine.fr\/en\/wp-json\/wp\/v2\/media?parent=186"}],"curies":[{"name":"wp","href":"https:\/\/api.w.org\/{rel}","templated":true}]}}