{"id":219,"date":"2025-04-18T09:39:29","date_gmt":"2025-04-18T09:39:29","guid":{"rendered":"https:\/\/site.ouioweb.com\/?page_id=219"},"modified":"2025-05-12T12:08:39","modified_gmt":"2025-05-12T12:08:39","slug":"les-habitants","status":"publish","type":"page","link":"https:\/\/domainelafontaine.fr\/en\/les-habitants\/","title":{"rendered":"The Residents"},"content":{"rendered":"<div data-elementor-type=\"wp-page\" data-elementor-id=\"219\" class=\"elementor elementor-219\" data-elementor-post-type=\"page\">\n\t\t\t\t<div class=\"elementor-element elementor-element-2b72393 e-con-full e-flex e-con e-parent\" data-id=\"2b72393\" data-element_type=\"container\" data-settings=\"{&quot;background_background&quot;:&quot;video&quot;,&quot;background_video_link&quot;:&quot;https:\\\/\\\/youtu.be\\\/OE4ymIL5AT0&quot;,&quot;background_video_start&quot;:60,&quot;background_video_end&quot;:83,&quot;background_play_on_mobile&quot;:&quot;yes&quot;,&quot;background_privacy_mode&quot;:&quot;yes&quot;}\">\n\t\t<div class=\"elementor-background-video-container\" aria-hidden=\"true\">\n\t\t\t\t\t\t\t<div class=\"elementor-background-video-embed\"><\/div>\n\t\t\t\t\t\t<\/div>\t\t<div class=\"elementor-element elementor-element-faad51a elementor-widget elementor-widget-spacer\" data-id=\"faad51a\" data-element_type=\"widget\" data-widget_type=\"spacer.default\">\n\t\t\t\t<div class=\"elementor-widget-container\">\n\t\t\t\t\t\t\t<div class=\"elementor-spacer\">\n\t\t\t<div class=\"elementor-spacer-inner\"><\/div>\n\t\t<\/div>\n\t\t\t\t\t\t<\/div>\n\t\t\t\t<\/div>\n\t\t\t\t<div class=\"elementor-element elementor-element-7a6a65d elementor-widget elementor-widget-heading\" data-id=\"7a6a65d\" data-element_type=\"widget\" data-widget_type=\"heading.default\">\n\t\t\t\t<div class=\"elementor-widget-container\">\n\t\t\t\t\t<h1 class=\"elementor-heading-title elementor-size-default\">The Residents<\/h1>\t\t\t\t<\/div>\n\t\t\t\t<\/div>\n\t\t\t\t<div class=\"elementor-element elementor-element-afe9fd6 elementor-widget elementor-widget-image\" data-id=\"afe9fd6\" data-element_type=\"widget\" data-widget_type=\"image.default\">\n\t\t\t\t<div class=\"elementor-widget-container\">\n\t\t\t\t\t\t\t\t\t\t\t\t\t\t\t<img decoding=\"async\" width=\"301\" height=\"154\" src=\"https:\/\/domainelafontaine.fr\/wp-content\/uploads\/2025\/04\/Domaine-la-fontaine-Brochure-de-presentation-DEFINITIVE-18-02-25_compressed-1.pdf-2-e1746004121836.png\" class=\"attachment-full size-full wp-image-78\" alt=\"\" \/>\t\t\t\t\t\t\t\t\t\t\t\t\t\t\t<\/div>\n\t\t\t\t<\/div>\n\t\t\t\t<\/div>\n\t\t<div class=\"elementor-element elementor-element-ca27202 e-flex e-con-boxed e-con e-parent\" data-id=\"ca27202\" data-element_type=\"container\" data-settings=\"{&quot;background_background&quot;:&quot;classic&quot;}\">\n\t\t\t\t\t<div class=\"e-con-inner\">\n\t\t<div class=\"elementor-element elementor-element-271db41 e-con-full e-flex e-con e-child\" data-id=\"271db41\" data-element_type=\"container\">\n\t\t\t\t<\/div>\n\t\t<div class=\"elementor-element elementor-element-2ea127e e-con-full e-flex e-con e-child\" data-id=\"2ea127e\" data-element_type=\"container\">\n\t\t\t\t<div class=\"elementor-element elementor-element-8c1d00b elementor-widget elementor-widget-heading\" data-id=\"8c1d00b\" data-element_type=\"widget\" data-widget_type=\"heading.default\">\n\t\t\t\t<div class=\"elementor-widget-container\">\n\t\t\t\t\t<p class=\"elementor-heading-title elementor-size-default\">The family that welcomes you<\/p>\t\t\t\t<\/div>\n\t\t\t\t<\/div>\n\t\t\t\t<div class=\"elementor-element elementor-element-fb67ecb elementor-widget elementor-widget-heading\" data-id=\"fb67ecb\" data-element_type=\"widget\" data-widget_type=\"heading.default\">\n\t\t\t\t<div class=\"elementor-widget-container\">\n\t\t\t\t\t<p class=\"elementor-heading-title elementor-size-default\">Your first contact will be with Bernard, but the family is made up of his wife Isabelle, who helps with management and in the kitchen; their son Th\u00e9o, the estate\u2019s chef (holder of a professional cooking diploma with a specialization in pastry) and also a mushroom grower (truffles and morels); and his partner Coline, who works in service.<br>All of them are here to help you in the best possible way!<\/p>\t\t\t\t<\/div>\n\t\t\t\t<\/div>\n\t\t\t\t<div class=\"elementor-element elementor-element-091bff2 elementor-align-left elementor-widget elementor-widget-button\" data-id=\"091bff2\" data-element_type=\"widget\" data-widget_type=\"button.default\">\n\t\t\t\t<div class=\"elementor-widget-container\">\n\t\t\t\t\t\t\t\t\t<div class=\"elementor-button-wrapper\">\n\t\t\t\t\t<a class=\"elementor-button elementor-button-link elementor-size-sm\" href=\"https:\/\/domainelafontaine.fr\/en\/contactez-nous\/\">\n\t\t\t\t\t\t<span class=\"elementor-button-content-wrapper\">\n\t\t\t\t\t\t\t\t\t<span class=\"elementor-button-text\">I am requesting information for my wedding<\/span>\n\t\t\t\t\t<\/span>\n\t\t\t\t\t<\/a>\n\t\t\t\t<\/div>\n\t\t\t\t\t\t\t\t<\/div>\n\t\t\t\t<\/div>\n\t\t\t\t<\/div>\n\t\t\t\t\t<\/div>\n\t\t\t\t<\/div>\n\t\t<div class=\"elementor-element elementor-element-9cb6b75 e-flex e-con-boxed e-con e-parent\" data-id=\"9cb6b75\" data-element_type=\"container\" data-settings=\"{&quot;background_background&quot;:&quot;classic&quot;}\">\n\t\t\t\t\t<div class=\"e-con-inner\">\n\t\t<div class=\"elementor-element elementor-element-ada0f81 e-con-full e-flex e-con e-child\" data-id=\"ada0f81\" data-element_type=\"container\">\n\t\t\t\t<div class=\"elementor-element elementor-element-57e0315 elementor-widget elementor-widget-heading\" data-id=\"57e0315\" data-element_type=\"widget\" data-widget_type=\"heading.default\">\n\t\t\t\t<div class=\"elementor-widget-container\">\n\t\t\t\t\t<p class=\"elementor-heading-title elementor-size-default\">Four-legged neighbors that bring the estate to life<\/p>\t\t\t\t<\/div>\n\t\t\t\t<\/div>\n\t\t\t\t<div class=\"elementor-element elementor-element-c58aba2 elementor-widget elementor-widget-heading\" data-id=\"c58aba2\" data-element_type=\"widget\" data-widget_type=\"heading.default\">\n\t\t\t\t<div class=\"elementor-widget-container\">\n\t\t\t\t\t<p class=\"elementor-heading-title elementor-size-default\">La Fontaine Estate is also the peaceful home of majestic horses, true ambassadors of the place. Their presence brings a special soul to the environment, a subtle connection with nature, and a living elegance that can be felt at every step.\nWatching a horse gallop in the evening light or gently approach a curious child is part of the simple yet precious magic of La Fontaine.<\/p>\t\t\t\t<\/div>\n\t\t\t\t<\/div>\n\t\t\t\t<\/div>\n\t\t<div class=\"elementor-element elementor-element-c22a15e e-con-full e-flex e-con e-child\" data-id=\"c22a15e\" data-element_type=\"container\">\n\t\t\t\t<div class=\"elementor-element elementor-element-a0499f7 elementor-widget elementor-widget-image\" data-id=\"a0499f7\" data-element_type=\"widget\" data-widget_type=\"image.default\">\n\t\t\t\t<div class=\"elementor-widget-container\">\n\t\t\t\t\t\t\t\t\t\t\t\t\t\t\t\t<a href=\"https:\/\/domainelafontaine.fr\/wp-content\/uploads\/2025\/05\/photographes-du-monde_MG_5903-scaled.jpg\" data-elementor-open-lightbox=\"yes\" data-elementor-lightbox-title=\"troupeau de chevaux au Domaine La Fontaine, lieu de mariages\" data-e-action-hash=\"#elementor-action%3Aaction%3Dlightbox%26settings%3DeyJpZCI6NDI3LCJ1cmwiOiJodHRwczpcL1wvZG9tYWluZWxhZm9udGFpbmUuZnJcL3dwLWNvbnRlbnRcL3VwbG9hZHNcLzIwMjVcLzA1XC9waG90b2dyYXBoZXMtZHUtbW9uZGVfTUdfNTkwMy1zY2FsZWQuanBnIn0%3D\">\n\t\t\t\t\t\t\t<img fetchpriority=\"high\" decoding=\"async\" width=\"1024\" height=\"683\" src=\"https:\/\/domainelafontaine.fr\/wp-content\/uploads\/2025\/05\/photographes-du-monde_MG_5903-1024x683.jpg\" class=\"attachment-large size-large wp-image-427\" alt=\"\" srcset=\"https:\/\/domainelafontaine.fr\/wp-content\/uploads\/2025\/05\/photographes-du-monde_MG_5903-1024x683.jpg 1024w, https:\/\/domainelafontaine.fr\/wp-content\/uploads\/2025\/05\/photographes-du-monde_MG_5903-300x200.jpg 300w, https:\/\/domainelafontaine.fr\/wp-content\/uploads\/2025\/05\/photographes-du-monde_MG_5903-768x512.jpg 768w, https:\/\/domainelafontaine.fr\/wp-content\/uploads\/2025\/05\/photographes-du-monde_MG_5903-1536x1024.jpg 1536w, https:\/\/domainelafontaine.fr\/wp-content\/uploads\/2025\/05\/photographes-du-monde_MG_5903-2048x1365.jpg 2048w\" sizes=\"(max-width: 1024px) 100vw, 1024px\" \/>\t\t\t\t\t\t\t\t<\/a>\n\t\t\t\t\t\t\t\t\t\t\t\t\t\t\t<\/div>\n\t\t\t\t<\/div>\n\t\t\t\t<\/div>\n\t\t\t\t\t<\/div>\n\t\t\t\t<\/div>\n\t\t<div class=\"elementor-element elementor-element-3ccbd69 e-flex e-con-boxed e-con e-parent\" data-id=\"3ccbd69\" data-element_type=\"container\" data-settings=\"{&quot;background_background&quot;:&quot;classic&quot;}\">\n\t\t\t\t\t<div class=\"e-con-inner\">\n\t\t<div class=\"elementor-element elementor-element-d2cea22 e-con-full e-flex e-con e-child\" data-id=\"d2cea22\" data-element_type=\"container\">\n\t\t\t\t<div class=\"elementor-element elementor-element-6a63570 elementor-widget elementor-widget-image\" data-id=\"6a63570\" data-element_type=\"widget\" data-widget_type=\"image.default\">\n\t\t\t\t<div class=\"elementor-widget-container\">\n\t\t\t\t\t\t\t\t\t\t\t\t\t\t\t\t<a href=\"https:\/\/domainelafontaine.fr\/wp-content\/uploads\/2025\/05\/Marie-Calfopoulos-Photography-PA-395.jpg\" data-elementor-open-lightbox=\"yes\" data-elementor-lightbox-title=\"Marie-Calfopoulos-Photography-PA-395\" data-e-action-hash=\"#elementor-action%3Aaction%3Dlightbox%26settings%3DeyJpZCI6NDMyLCJ1cmwiOiJodHRwczpcL1wvZG9tYWluZWxhZm9udGFpbmUuZnJcL3dwLWNvbnRlbnRcL3VwbG9hZHNcLzIwMjVcLzA1XC9NYXJpZS1DYWxmb3BvdWxvcy1QaG90b2dyYXBoeS1QQS0zOTUuanBnIn0%3D\">\n\t\t\t\t\t\t\t<img decoding=\"async\" width=\"683\" height=\"1024\" src=\"https:\/\/domainelafontaine.fr\/wp-content\/uploads\/2025\/05\/Marie-Calfopoulos-Photography-PA-395-683x1024.jpg\" class=\"attachment-large size-large wp-image-432\" alt=\"Nino\" srcset=\"https:\/\/domainelafontaine.fr\/wp-content\/uploads\/2025\/05\/Marie-Calfopoulos-Photography-PA-395-683x1024.jpg 683w, https:\/\/domainelafontaine.fr\/wp-content\/uploads\/2025\/05\/Marie-Calfopoulos-Photography-PA-395-200x300.jpg 200w, https:\/\/domainelafontaine.fr\/wp-content\/uploads\/2025\/05\/Marie-Calfopoulos-Photography-PA-395-768x1152.jpg 768w, https:\/\/domainelafontaine.fr\/wp-content\/uploads\/2025\/05\/Marie-Calfopoulos-Photography-PA-395-1024x1536.jpg 1024w, https:\/\/domainelafontaine.fr\/wp-content\/uploads\/2025\/05\/Marie-Calfopoulos-Photography-PA-395.jpg 1321w\" sizes=\"(max-width: 683px) 100vw, 683px\" \/>\t\t\t\t\t\t\t\t<\/a>\n\t\t\t\t\t\t\t\t\t\t\t\t\t\t\t<\/div>\n\t\t\t\t<\/div>\n\t\t\t\t<\/div>\n\t\t<div class=\"elementor-element elementor-element-0af13b6 e-con-full e-flex e-con e-child\" data-id=\"0af13b6\" data-element_type=\"container\">\n\t\t\t\t<div class=\"elementor-element elementor-element-7b7b343 elementor-widget elementor-widget-heading\" data-id=\"7b7b343\" data-element_type=\"widget\" data-widget_type=\"heading.default\">\n\t\t\t\t<div class=\"elementor-widget-container\">\n\t\t\t\t\t<p class=\"elementor-heading-title elementor-size-default\">An authentic and gentle local life<\/p>\t\t\t\t<\/div>\n\t\t\t\t<\/div>\n\t\t\t\t<div class=\"elementor-element elementor-element-ebd7493 elementor-widget elementor-widget-heading\" data-id=\"ebd7493\" data-element_type=\"widget\" data-widget_type=\"heading.default\">\n\t\t\t\t<div class=\"elementor-widget-container\">\n\t\t\t\t\t<p class=\"elementor-heading-title elementor-size-default\">During your visit, you may come across our dogs or cats\u2014discreet but very much present\u2014as they contribute to the family spirit and warm atmosphere of the estate.\nHere, nature is alive, and everyone has their place. Both children and adults enjoy these unexpected encounters, which give your wedding the charm of an enchanted countryside.\n<\/p>\t\t\t\t<\/div>\n\t\t\t\t<\/div>\n\t\t\t\t<\/div>\n\t\t\t\t\t<\/div>\n\t\t\t\t<\/div>\n\t\t<div class=\"elementor-element elementor-element-ca126d2 e-flex e-con-boxed e-con e-parent\" data-id=\"ca126d2\" data-element_type=\"container\" data-settings=\"{&quot;background_background&quot;:&quot;classic&quot;}\">\n\t\t\t\t\t<div class=\"e-con-inner\">\n\t\t<div class=\"elementor-element elementor-element-c5d7096 e-con-full e-flex e-con e-child\" data-id=\"c5d7096\" data-element_type=\"container\">\n\t\t\t\t<div class=\"elementor-element elementor-element-7041eaf elementor-widget elementor-widget-heading\" data-id=\"7041eaf\" data-element_type=\"widget\" data-widget_type=\"heading.default\">\n\t\t\t\t<div class=\"elementor-widget-container\">\n\t\t\t\t\t<p class=\"elementor-heading-title elementor-size-default\">A place inhabited by passionate people<\/p>\t\t\t\t<\/div>\n\t\t\t\t<\/div>\n\t\t\t\t<div class=\"elementor-element elementor-element-1b9d2c9 elementor-widget elementor-widget-heading\" data-id=\"1b9d2c9\" data-element_type=\"widget\" data-widget_type=\"heading.default\">\n\t\t\t\t<div class=\"elementor-widget-container\">\n\t\t\t\t\t<p class=\"elementor-heading-title elementor-size-default\">But the true residents of the estate are also those who bring it to life: a passionate, attentive, and caring team. From the gardener to the chef, from the manager to the horse caretakers, each puts their heart into making La Fontaine a welcoming, genuine, and human place.\nYou are not just passing through: here, you are welcomed as if at home, in an environment where kindness, simplicity, and a love for beautiful things prevail.\n<\/p>\t\t\t\t<\/div>\n\t\t\t\t<\/div>\n\t\t\t\t<div class=\"elementor-element elementor-element-d0ee258 elementor-align-right elementor-widget elementor-widget-button\" data-id=\"d0ee258\" data-element_type=\"widget\" data-widget_type=\"button.default\">\n\t\t\t\t<div class=\"elementor-widget-container\">\n\t\t\t\t\t\t\t\t\t<div class=\"elementor-button-wrapper\">\n\t\t\t\t\t<a class=\"elementor-button elementor-button-link elementor-size-sm\" href=\"https:\/\/domainelafontaine.fr\/en\/contactez-nous\/\">\n\t\t\t\t\t\t<span class=\"elementor-button-content-wrapper\">\n\t\t\t\t\t\t\t\t\t<span class=\"elementor-button-text\">I say yes to the wedding of my dreams!<\/span>\n\t\t\t\t\t<\/span>\n\t\t\t\t\t<\/a>\n\t\t\t\t<\/div>\n\t\t\t\t\t\t\t\t<\/div>\n\t\t\t\t<\/div>\n\t\t\t\t<\/div>\n\t\t<div class=\"elementor-element elementor-element-89a5691 e-con-full e-flex e-con e-child\" data-id=\"89a5691\" data-element_type=\"container\">\n\t\t\t\t<div class=\"elementor-element elementor-element-8a3234a elementor-widget elementor-widget-image\" data-id=\"8a3234a\" data-element_type=\"widget\" data-widget_type=\"image.default\">\n\t\t\t\t<div class=\"elementor-widget-container\">\n\t\t\t\t\t\t\t\t\t\t\t\t\t\t\t\t<a href=\"https:\/\/domainelafontaine.fr\/wp-content\/uploads\/2025\/05\/db742de7-3e7e-499b-8ddf-6726e18f6065.jpg\" data-elementor-open-lightbox=\"yes\" data-elementor-lightbox-title=\"db742de7-3e7e-499b-8ddf-6726e18f6065\" data-e-action-hash=\"#elementor-action%3Aaction%3Dlightbox%26settings%3DeyJpZCI6NDM3LCJ1cmwiOiJodHRwczpcL1wvZG9tYWluZWxhZm9udGFpbmUuZnJcL3dwLWNvbnRlbnRcL3VwbG9hZHNcLzIwMjVcLzA1XC9kYjc0MmRlNy0zZTdlLTQ5OWItOGRkZi02NzI2ZTE4ZjYwNjUuanBnIn0%3D\">\n\t\t\t\t\t\t\t<img loading=\"lazy\" decoding=\"async\" width=\"1024\" height=\"768\" src=\"https:\/\/domainelafontaine.fr\/wp-content\/uploads\/2025\/05\/db742de7-3e7e-499b-8ddf-6726e18f6065-1024x768.jpg\" class=\"attachment-large size-large wp-image-437\" alt=\"Transporteur de la mari\u00e9e \u00e0 la Mairie de Simiane La Rotonde\" srcset=\"https:\/\/domainelafontaine.fr\/wp-content\/uploads\/2025\/05\/db742de7-3e7e-499b-8ddf-6726e18f6065-1024x768.jpg 1024w, https:\/\/domainelafontaine.fr\/wp-content\/uploads\/2025\/05\/db742de7-3e7e-499b-8ddf-6726e18f6065-300x225.jpg 300w, https:\/\/domainelafontaine.fr\/wp-content\/uploads\/2025\/05\/db742de7-3e7e-499b-8ddf-6726e18f6065-768x576.jpg 768w, https:\/\/domainelafontaine.fr\/wp-content\/uploads\/2025\/05\/db742de7-3e7e-499b-8ddf-6726e18f6065-1536x1152.jpg 1536w, https:\/\/domainelafontaine.fr\/wp-content\/uploads\/2025\/05\/db742de7-3e7e-499b-8ddf-6726e18f6065.jpg 1600w\" sizes=\"(max-width: 1024px) 100vw, 1024px\" \/>\t\t\t\t\t\t\t\t<\/a>\n\t\t\t\t\t\t\t\t\t\t\t\t\t\t\t<\/div>\n\t\t\t\t<\/div>\n\t\t\t\t<\/div>\n\t\t\t\t\t<\/div>\n\t\t\t\t<\/div>\n\t\t\t\t<\/div>","protected":false},"excerpt":{"rendered":"<p>Les habitants La famille qui vous accueille Votre premier contact se fera avec Bernard, mais la famille se compose d&rsquo;Isabelle son \u00e9pouse qui aide \u00e0 l&rsquo;intendance et en cuisine, de Th\u00e9o leur fils qui est le cuisinier du Domaine (titulaire d&rsquo;un bac pro cuisine et d&rsquo;une mention patisserie) et aussi myciculteur (truffes et morilles) , [&hellip;]<\/p>","protected":false},"author":1,"featured_media":0,"parent":0,"menu_order":0,"comment_status":"closed","ping_status":"closed","template":"elementor_header_footer","meta":{"_acf_changed":false,"ocean_post_layout":"","ocean_both_sidebars_style":"","ocean_both_sidebars_content_width":0,"ocean_both_sidebars_sidebars_width":0,"ocean_sidebar":"","ocean_second_sidebar":"","ocean_disable_margins":"enable","ocean_add_body_class":"","ocean_shortcode_before_top_bar":"","ocean_shortcode_after_top_bar":"","ocean_shortcode_before_header":"","ocean_shortcode_after_header":"","ocean_has_shortcode":"","ocean_shortcode_after_title":"","ocean_shortcode_before_footer_widgets":"","ocean_shortcode_after_footer_widgets":"","ocean_shortcode_before_footer_bottom":"","ocean_shortcode_after_footer_bottom":"","ocean_display_top_bar":"default","ocean_display_header":"default","ocean_header_style":"","ocean_center_header_left_menu":"","ocean_custom_header_template":"","ocean_custom_logo":0,"ocean_custom_retina_logo":0,"ocean_custom_logo_max_width":0,"ocean_custom_logo_tablet_max_width":0,"ocean_custom_logo_mobile_max_width":0,"ocean_custom_logo_max_height":0,"ocean_custom_logo_tablet_max_height":0,"ocean_custom_logo_mobile_max_height":0,"ocean_header_custom_menu":"","ocean_menu_typo_font_family":"","ocean_menu_typo_font_subset":"","ocean_menu_typo_font_size":0,"ocean_menu_typo_font_size_tablet":0,"ocean_menu_typo_font_size_mobile":0,"ocean_menu_typo_font_size_unit":"px","ocean_menu_typo_font_weight":"","ocean_menu_typo_font_weight_tablet":"","ocean_menu_typo_font_weight_mobile":"","ocean_menu_typo_transform":"","ocean_menu_typo_transform_tablet":"","ocean_menu_typo_transform_mobile":"","ocean_menu_typo_line_height":0,"ocean_menu_typo_line_height_tablet":0,"ocean_menu_typo_line_height_mobile":0,"ocean_menu_typo_line_height_unit":"","ocean_menu_typo_spacing":0,"ocean_menu_typo_spacing_tablet":0,"ocean_menu_typo_spacing_mobile":0,"ocean_menu_typo_spacing_unit":"","ocean_menu_link_color":"","ocean_menu_link_color_hover":"","ocean_menu_link_color_active":"","ocean_menu_link_background":"","ocean_menu_link_hover_background":"","ocean_menu_link_active_background":"","ocean_menu_social_links_bg":"","ocean_menu_social_hover_links_bg":"","ocean_menu_social_links_color":"","ocean_menu_social_hover_links_color":"","ocean_disable_title":"default","ocean_disable_heading":"default","ocean_post_title":"","ocean_post_subheading":"","ocean_post_title_style":"","ocean_post_title_background_color":"","ocean_post_title_background":0,"ocean_post_title_bg_image_position":"","ocean_post_title_bg_image_attachment":"","ocean_post_title_bg_image_repeat":"","ocean_post_title_bg_image_size":"","ocean_post_title_height":0,"ocean_post_title_bg_overlay":0.5,"ocean_post_title_bg_overlay_color":"","ocean_disable_breadcrumbs":"default","ocean_breadcrumbs_color":"","ocean_breadcrumbs_separator_color":"","ocean_breadcrumbs_links_color":"","ocean_breadcrumbs_links_hover_color":"","ocean_display_footer_widgets":"default","ocean_display_footer_bottom":"default","ocean_custom_footer_template":"","footnotes":""},"class_list":["post-219","page","type-page","status-publish","hentry","entry"],"acf":[],"aioseo_notices":[],"_links":{"self":[{"href":"https:\/\/domainelafontaine.fr\/en\/wp-json\/wp\/v2\/pages\/219","targetHints":{"allow":["GET"]}}],"collection":[{"href":"https:\/\/domainelafontaine.fr\/en\/wp-json\/wp\/v2\/pages"}],"about":[{"href":"https:\/\/domainelafontaine.fr\/en\/wp-json\/wp\/v2\/types\/page"}],"author":[{"embeddable":true,"href":"https:\/\/domainelafontaine.fr\/en\/wp-json\/wp\/v2\/users\/1"}],"replies":[{"embeddable":true,"href":"https:\/\/domainelafontaine.fr\/en\/wp-json\/wp\/v2\/comments?post=219"}],"version-history":[{"count":52,"href":"https:\/\/domainelafontaine.fr\/en\/wp-json\/wp\/v2\/pages\/219\/revisions"}],"predecessor-version":[{"id":595,"href":"https:\/\/domainelafontaine.fr\/en\/wp-json\/wp\/v2\/pages\/219\/revisions\/595"}],"wp:attachment":[{"href":"https:\/\/domainelafontaine.fr\/en\/wp-json\/wp\/v2\/media?parent=219"}],"curies":[{"name":"wp","href":"https:\/\/api.w.org\/{rel}","templated":true}]}}