{"id":232,"date":"2025-04-18T09:54:53","date_gmt":"2025-04-18T09:54:53","guid":{"rendered":"https:\/\/site.ouioweb.com\/?page_id=232"},"modified":"2025-05-01T21:31:56","modified_gmt":"2025-05-01T21:31:56","slug":"galerie-photo","status":"publish","type":"page","link":"https:\/\/domainelafontaine.fr\/en\/galerie-photo\/","title":{"rendered":"Galerie photo"},"content":{"rendered":"<div data-elementor-type=\"wp-page\" data-elementor-id=\"232\" class=\"elementor elementor-232\" data-elementor-post-type=\"page\">\n\t\t\t\t<div class=\"elementor-element elementor-element-2b72393 e-con-full e-flex e-con e-parent\" data-id=\"2b72393\" data-element_type=\"container\" data-settings=\"{&quot;background_background&quot;:&quot;classic&quot;}\">\n\t\t\t\t<div class=\"elementor-element elementor-element-faad51a elementor-widget elementor-widget-spacer\" data-id=\"faad51a\" data-element_type=\"widget\" data-widget_type=\"spacer.default\">\n\t\t\t\t<div class=\"elementor-widget-container\">\n\t\t\t\t\t\t\t<div class=\"elementor-spacer\">\n\t\t\t<div class=\"elementor-spacer-inner\"><\/div>\n\t\t<\/div>\n\t\t\t\t\t\t<\/div>\n\t\t\t\t<\/div>\n\t\t\t\t<div class=\"elementor-element elementor-element-7a6a65d elementor-widget elementor-widget-heading\" data-id=\"7a6a65d\" data-element_type=\"widget\" data-widget_type=\"heading.default\">\n\t\t\t\t<div class=\"elementor-widget-container\">\n\t\t\t\t\t<h1 class=\"elementor-heading-title elementor-size-default\">Photo Gallery<br> &amp; T\u00e9moignages<\/h1>\t\t\t\t<\/div>\n\t\t\t\t<\/div>\n\t\t\t\t<div class=\"elementor-element elementor-element-afe9fd6 elementor-widget elementor-widget-image\" data-id=\"afe9fd6\" data-element_type=\"widget\" data-widget_type=\"image.default\">\n\t\t\t\t<div class=\"elementor-widget-container\">\n\t\t\t\t\t\t\t\t\t\t\t\t\t\t\t<img decoding=\"async\" width=\"301\" height=\"154\" src=\"https:\/\/domainelafontaine.fr\/wp-content\/uploads\/2025\/04\/Domaine-la-fontaine-Brochure-de-presentation-DEFINITIVE-18-02-25_compressed-1.pdf-2-e1746004121836.png\" class=\"attachment-full size-full wp-image-78\" alt=\"\" \/>\t\t\t\t\t\t\t\t\t\t\t\t\t\t\t<\/div>\n\t\t\t\t<\/div>\n\t\t\t\t<\/div>\n\t\t<div class=\"elementor-element elementor-element-710d99c e-flex e-con-boxed e-con e-parent\" data-id=\"710d99c\" data-element_type=\"container\" data-settings=\"{&quot;background_background&quot;:&quot;classic&quot;}\">\n\t\t\t\t\t<div class=\"e-con-inner\">\n\t\t<div class=\"elementor-element elementor-element-44dc9f1 e-con-full e-flex e-con e-child\" data-id=\"44dc9f1\" data-element_type=\"container\">\n\t\t\t\t<div class=\"elementor-element elementor-element-f9b0c59 elementor-widget elementor-widget-shortcode\" data-id=\"f9b0c59\" data-element_type=\"widget\" data-widget_type=\"shortcode.default\">\n\t\t\t\t<div class=\"elementor-widget-container\">\n\t\t\t\t\t\t\t<div class=\"elementor-shortcode\">        <div class=\"avis-masonry\">\n                                                <div class=\"avis-item text-only\">\n                        <h3 class=\"avis-title\">Tamara et sylvain<\/h3>\n                        <div class=\"avis-content\"><p><\/p>\n<figure class=\"wp-block-image size-large\"><img fetchpriority=\"high\" decoding=\"async\" width=\"1024\" height=\"592\" src=\"https:\/\/site.ouioweb.com\/wp-content\/uploads\/2025\/05\/AV3A6398-1024x592.jpg\" alt=\"\" class=\"wp-image-492\" srcset=\"https:\/\/domainelafontaine.fr\/wp-content\/uploads\/2025\/05\/AV3A6398-1024x592.jpg 1024w, https:\/\/domainelafontaine.fr\/wp-content\/uploads\/2025\/05\/AV3A6398-300x173.jpg 300w, https:\/\/domainelafontaine.fr\/wp-content\/uploads\/2025\/05\/AV3A6398-768x444.jpg 768w, https:\/\/domainelafontaine.fr\/wp-content\/uploads\/2025\/05\/AV3A6398-1536x888.jpg 1536w, https:\/\/domainelafontaine.fr\/wp-content\/uploads\/2025\/05\/AV3A6398.jpg 1548w\" sizes=\"(max-width: 1024px) 100vw, 1024px\" \/><\/figure>\n<p><\/p>\n<\/div>\n                    <\/div>\n                                                                <div class=\"avis-item text-only\">\n                        <h3 class=\"avis-title\">Christelle et Julien<\/h3>\n                        <div class=\"avis-content\"><p><\/p>\n<figure class=\"wp-block-image size-large\"><img decoding=\"async\" width=\"1024\" height=\"433\" src=\"https:\/\/site.ouioweb.com\/wp-content\/uploads\/2025\/05\/AV3A6345-1024x433.jpg\" alt=\"\" class=\"wp-image-491\" srcset=\"https:\/\/domainelafontaine.fr\/wp-content\/uploads\/2025\/05\/AV3A6345-1024x433.jpg 1024w, https:\/\/domainelafontaine.fr\/wp-content\/uploads\/2025\/05\/AV3A6345-300x127.jpg 300w, https:\/\/domainelafontaine.fr\/wp-content\/uploads\/2025\/05\/AV3A6345-768x325.jpg 768w, https:\/\/domainelafontaine.fr\/wp-content\/uploads\/2025\/05\/AV3A6345-1536x650.jpg 1536w, https:\/\/domainelafontaine.fr\/wp-content\/uploads\/2025\/05\/AV3A6345.jpg 1680w\" sizes=\"(max-width: 1024px) 100vw, 1024px\" \/><\/figure>\n<p><\/p>\n<\/div>\n                    <\/div>\n                                                                <div class=\"avis-item text-only\">\n                        <h3 class=\"avis-title\">Peggy et Arnaud<\/h3>\n                        <div class=\"avis-content\"><p><\/p>\n<figure class=\"wp-block-image size-large\"><img loading=\"lazy\" decoding=\"async\" width=\"1024\" height=\"683\" src=\"https:\/\/site.ouioweb.com\/wp-content\/uploads\/2025\/05\/Marie-Calfopoulos-Photography-PA-273-1024x683.jpg\" alt=\"\" class=\"wp-image-499\" srcset=\"https:\/\/domainelafontaine.fr\/wp-content\/uploads\/2025\/05\/Marie-Calfopoulos-Photography-PA-273-1024x683.jpg 1024w, https:\/\/domainelafontaine.fr\/wp-content\/uploads\/2025\/05\/Marie-Calfopoulos-Photography-PA-273-300x200.jpg 300w, https:\/\/domainelafontaine.fr\/wp-content\/uploads\/2025\/05\/Marie-Calfopoulos-Photography-PA-273-768x512.jpg 768w, https:\/\/domainelafontaine.fr\/wp-content\/uploads\/2025\/05\/Marie-Calfopoulos-Photography-PA-273-1536x1024.jpg 1536w, https:\/\/domainelafontaine.fr\/wp-content\/uploads\/2025\/05\/Marie-Calfopoulos-Photography-PA-273-2048x1365.jpg 2048w\" sizes=\"(max-width: 1024px) 100vw, 1024px\" \/><\/figure>\n<p><\/p>\n<\/div>\n                    <\/div>\n                                                                <div class=\"avis-item text-only\">\n                        <h3 class=\"avis-title\">Jade et Max<\/h3>\n                        <div class=\"avis-content\"><p><\/p>\n<figure class=\"wp-block-image size-full\"><img loading=\"lazy\" decoding=\"async\" width=\"929\" height=\"642\" src=\"https:\/\/site.ouioweb.com\/wp-content\/uploads\/2025\/04\/mariage.png\" alt=\"\" class=\"wp-image-222\" srcset=\"https:\/\/domainelafontaine.fr\/wp-content\/uploads\/2025\/04\/mariage.png 929w, https:\/\/domainelafontaine.fr\/wp-content\/uploads\/2025\/04\/mariage-300x207.png 300w, https:\/\/domainelafontaine.fr\/wp-content\/uploads\/2025\/04\/mariage-768x531.png 768w\" sizes=\"(max-width: 929px) 100vw, 929px\" \/><\/figure>\n<p><\/p>\n<\/div>\n                    <\/div>\n                                                                <div class=\"avis-item text-only\">\n                        <h3 class=\"avis-title\">Aline et Quentin<\/h3>\n                        <div class=\"avis-content\"><p><\/p>\n<p>\"Les filles, je vous remercie infiniment de votre gentillesse et de votre professionnalisme, de votre joie pour nous.<\/p>\n<p><\/p>\n<p><\/p>\n<p>Grace \u00e0 vous, toutes trois et Th\u00e9o, vous nous avez fait un mariage unique et magique. Grace \u00e0 toute l'\u00e9quipe du domaine, on a r\u00e9ussi notre mariage haut la main! Nous avons beaucoup de chance d'avoir pu faire notre mariage dans ce si beau domaine.<\/p>\n<p><\/p>\n<\/div>\n                    <\/div>\n                                                                <div class=\"avis-item text-only\">\n                        <h3 class=\"avis-title\">Lor\u00e9line et Julien<\/h3>\n                        <div class=\"avis-content\"><p><\/p>\n<p>\"Choisir cet endroit comme lieu de r\u00e9ception pour notre nouvelle vie et berceau de notre mariage a \u00e9t\u00e9 une de nos meilleures id\u00e9es. Il ya tant \u00e0 dire sur la qualit\u00e9 de ce lieu, son environnement et sa beaut\u00e9! On vous remercie tellement d'avoir particip\u00e9 \u00e0 faire de ce jour, un jour inoubliable\"<\/p>\n<p><\/p>\n<\/div>\n                    <\/div>\n                                                                <div class=\"avis-item only-image\">\n                        <a href=\"https:\/\/domainelafontaine.fr\/wp-content\/uploads\/2025\/04\/traiteur3-e1744967070996.png\" data-rel=\"lightbox\">\n                            <img loading=\"lazy\" decoding=\"async\" width=\"300\" height=\"242\" src=\"https:\/\/domainelafontaine.fr\/wp-content\/uploads\/2025\/04\/traiteur3-e1744967070996-300x242.png\" class=\"attachment-medium size-medium wp-post-image\" alt=\"\" srcset=\"https:\/\/domainelafontaine.fr\/wp-content\/uploads\/2025\/04\/traiteur3-e1744967070996-300x242.png 300w, https:\/\/domainelafontaine.fr\/wp-content\/uploads\/2025\/04\/traiteur3-e1744967070996.png 531w\" sizes=\"(max-width: 300px) 100vw, 300px\" \/>                        <\/a>\n                    <\/div>\n                                                                <div class=\"avis-item text-only\">\n                        <h3 class=\"avis-title\">B\u00e9atrice et Jean-Pierre<\/h3>\n                        <div class=\"avis-content\"><p><\/p>\n<figure class=\"wp-block-image size-large\"><img loading=\"lazy\" decoding=\"async\" width=\"1024\" height=\"602\" src=\"https:\/\/site.ouioweb.com\/wp-content\/uploads\/2025\/05\/BJP-326-1024x602.jpg\" alt=\"\" class=\"wp-image-522\" srcset=\"https:\/\/domainelafontaine.fr\/wp-content\/uploads\/2025\/05\/BJP-326-1024x602.jpg 1024w, https:\/\/domainelafontaine.fr\/wp-content\/uploads\/2025\/05\/BJP-326-300x176.jpg 300w, https:\/\/domainelafontaine.fr\/wp-content\/uploads\/2025\/05\/BJP-326-768x451.jpg 768w, https:\/\/domainelafontaine.fr\/wp-content\/uploads\/2025\/05\/BJP-326-1536x903.jpg 1536w, https:\/\/domainelafontaine.fr\/wp-content\/uploads\/2025\/05\/BJP-326-2048x1204.jpg 2048w\" sizes=\"(max-width: 1024px) 100vw, 1024px\" \/><\/figure>\n<p><\/p>\n<\/div>\n                    <\/div>\n                                                                <div class=\"avis-item text-only\">\n                        <h3 class=\"avis-title\">Laetitia et Sylvain<\/h3>\n                        <div class=\"avis-content\"><p><\/p>\n<figure class=\"wp-block-image size-large\"><img loading=\"lazy\" decoding=\"async\" width=\"1024\" height=\"683\" src=\"https:\/\/site.ouioweb.com\/wp-content\/uploads\/2025\/05\/LS-200-1024x683.jpg\" alt=\"\" class=\"wp-image-530\" srcset=\"https:\/\/domainelafontaine.fr\/wp-content\/uploads\/2025\/05\/LS-200-1024x683.jpg 1024w, https:\/\/domainelafontaine.fr\/wp-content\/uploads\/2025\/05\/LS-200-300x200.jpg 300w, https:\/\/domainelafontaine.fr\/wp-content\/uploads\/2025\/05\/LS-200-768x512.jpg 768w, https:\/\/domainelafontaine.fr\/wp-content\/uploads\/2025\/05\/LS-200-1536x1024.jpg 1536w, https:\/\/domainelafontaine.fr\/wp-content\/uploads\/2025\/05\/LS-200-2048x1365.jpg 2048w\" sizes=\"(max-width: 1024px) 100vw, 1024px\" \/><\/figure>\n<p><\/p>\n<\/div>\n                    <\/div>\n                                                                <div class=\"avis-item text-only\">\n                        <h3 class=\"avis-title\">Virginie et Nicolas<\/h3>\n                        <div class=\"avis-content\"><p><\/p>\n<figure class=\"wp-block-image size-full\"><img loading=\"lazy\" decoding=\"async\" width=\"548\" height=\"347\" src=\"https:\/\/site.ouioweb.com\/wp-content\/uploads\/2025\/04\/caleche.png\" alt=\"\" class=\"wp-image-160\" srcset=\"https:\/\/domainelafontaine.fr\/wp-content\/uploads\/2025\/04\/caleche.png 548w, https:\/\/domainelafontaine.fr\/wp-content\/uploads\/2025\/04\/caleche-300x190.png 300w\" sizes=\"(max-width: 548px) 100vw, 548px\" \/><\/figure>\n<p><\/p>\n<\/div>\n                    <\/div>\n                                    <\/div>\n        <\/div>\n\t\t\t\t\t\t<\/div>\n\t\t\t\t<\/div>\n\t\t\t\t<\/div>\n\t\t\t\t\t<\/div>\n\t\t\t\t<\/div>\n\t\t\t\t<\/div>","protected":false},"excerpt":{"rendered":"<p>La galerie photo &#038; T\u00e9moignages<\/p>","protected":false},"author":1,"featured_media":0,"parent":0,"menu_order":0,"comment_status":"closed","ping_status":"closed","template":"elementor_header_footer","meta":{"_acf_changed":false,"ocean_post_layout":"","ocean_both_sidebars_style":"","ocean_both_sidebars_content_width":0,"ocean_both_sidebars_sidebars_width":0,"ocean_sidebar":"","ocean_second_sidebar":"","ocean_disable_margins":"enable","ocean_add_body_class":"","ocean_shortcode_before_top_bar":"","ocean_shortcode_after_top_bar":"","ocean_shortcode_before_header":"","ocean_shortcode_after_header":"","ocean_has_shortcode":"","ocean_shortcode_after_title":"","ocean_shortcode_before_footer_widgets":"","ocean_shortcode_after_footer_widgets":"","ocean_shortcode_before_footer_bottom":"","ocean_shortcode_after_footer_bottom":"","ocean_display_top_bar":"default","ocean_display_header":"default","ocean_header_style":"","ocean_center_header_left_menu":"","ocean_custom_header_template":"","ocean_custom_logo":0,"ocean_custom_retina_logo":0,"ocean_custom_logo_max_width":0,"ocean_custom_logo_tablet_max_width":0,"ocean_custom_logo_mobile_max_width":0,"ocean_custom_logo_max_height":0,"ocean_custom_logo_tablet_max_height":0,"ocean_custom_logo_mobile_max_height":0,"ocean_header_custom_menu":"","ocean_menu_typo_font_family":"","ocean_menu_typo_font_subset":"","ocean_menu_typo_font_size":0,"ocean_menu_typo_font_size_tablet":0,"ocean_menu_typo_font_size_mobile":0,"ocean_menu_typo_font_size_unit":"px","ocean_menu_typo_font_weight":"","ocean_menu_typo_font_weight_tablet":"","ocean_menu_typo_font_weight_mobile":"","ocean_menu_typo_transform":"","ocean_menu_typo_transform_tablet":"","ocean_menu_typo_transform_mobile":"","ocean_menu_typo_line_height":0,"ocean_menu_typo_line_height_tablet":0,"ocean_menu_typo_line_height_mobile":0,"ocean_menu_typo_line_height_unit":"","ocean_menu_typo_spacing":0,"ocean_menu_typo_spacing_tablet":0,"ocean_menu_typo_spacing_mobile":0,"ocean_menu_typo_spacing_unit":"","ocean_menu_link_color":"","ocean_menu_link_color_hover":"","ocean_menu_link_color_active":"","ocean_menu_link_background":"","ocean_menu_link_hover_background":"","ocean_menu_link_active_background":"","ocean_menu_social_links_bg":"","ocean_menu_social_hover_links_bg":"","ocean_menu_social_links_color":"","ocean_menu_social_hover_links_color":"","ocean_disable_title":"default","ocean_disable_heading":"default","ocean_post_title":"","ocean_post_subheading":"","ocean_post_title_style":"","ocean_post_title_background_color":"","ocean_post_title_background":0,"ocean_post_title_bg_image_position":"","ocean_post_title_bg_image_attachment":"","ocean_post_title_bg_image_repeat":"","ocean_post_title_bg_image_size":"","ocean_post_title_height":0,"ocean_post_title_bg_overlay":0.5,"ocean_post_title_bg_overlay_color":"","ocean_disable_breadcrumbs":"default","ocean_breadcrumbs_color":"","ocean_breadcrumbs_separator_color":"","ocean_breadcrumbs_links_color":"","ocean_breadcrumbs_links_hover_color":"","ocean_display_footer_widgets":"default","ocean_display_footer_bottom":"default","ocean_custom_footer_template":"","footnotes":""},"class_list":["post-232","page","type-page","status-publish","hentry","entry"],"acf":[],"aioseo_notices":[],"_links":{"self":[{"href":"https:\/\/domainelafontaine.fr\/en\/wp-json\/wp\/v2\/pages\/232","targetHints":{"allow":["GET"]}}],"collection":[{"href":"https:\/\/domainelafontaine.fr\/en\/wp-json\/wp\/v2\/pages"}],"about":[{"href":"https:\/\/domainelafontaine.fr\/en\/wp-json\/wp\/v2\/types\/page"}],"author":[{"embeddable":true,"href":"https:\/\/domainelafontaine.fr\/en\/wp-json\/wp\/v2\/users\/1"}],"replies":[{"embeddable":true,"href":"https:\/\/domainelafontaine.fr\/en\/wp-json\/wp\/v2\/comments?post=232"}],"version-history":[{"count":34,"href":"https:\/\/domainelafontaine.fr\/en\/wp-json\/wp\/v2\/pages\/232\/revisions"}],"predecessor-version":[{"id":385,"href":"https:\/\/domainelafontaine.fr\/en\/wp-json\/wp\/v2\/pages\/232\/revisions\/385"}],"wp:attachment":[{"href":"https:\/\/domainelafontaine.fr\/en\/wp-json\/wp\/v2\/media?parent=232"}],"curies":[{"name":"wp","href":"https:\/\/api.w.org\/{rel}","templated":true}]}}